{"id":34109,"date":"2022-08-10T07:49:44","date_gmt":"2022-08-10T07:49:44","guid":{"rendered":"https:\/\/r-tileretailflooring.com\/muszaki-informaciok\/"},"modified":"2024-06-13T21:20:12","modified_gmt":"2024-06-13T21:20:12","slug":"muszaki-informaciok","status":"publish","type":"page","link":"https:\/\/r-tileretailflooring.com\/hu\/muszaki-informaciok\/","title":{"rendered":"M\u0171szaki inform\u00e1ci\u00f3k"},"content":{"rendered":"\n<section class=\"wp-block-uagb-columns uagb-columns__wrap uagb-columns__background-image uagb-columns__stack-mobile uagb-columns__valign- uagb-columns__gap-10 align uagb-block-7ac46878 uagb-columns__columns-3 uagb-columns__max_width-theme\"><div class=\"uagb-columns__overlay\"><\/div><div class=\"uagb-columns__inner-wrap uagb-columns__columns-3\">\n<div class=\"wp-block-uagb-column uagb-column__wrap uagb-column__background-undefined uagb-block-dbbe15d4\"><div class=\"uagb-column__overlay\"><\/div>\n<p><\/p>\n<\/div>\n\n\n\n<div class=\"wp-block-uagb-column uagb-column__wrap uagb-column__background-undefined uagb-block-56a91b84\"><div class=\"uagb-column__overlay\"><\/div>\n<div class=\"wp-block-uagb-info-box uagb-block-2727e617 uagb-infobox__content-wrap  uagb-infobox-icon-above-title uagb-infobox-image-valign-top\"><div class=\"uagb-ifb-content\"><div class=\"uagb-ifb-title-wrap\"><h1 class=\"uagb-ifb-title\">M\u0171szaki inform\u00e1ci\u00f3k<\/h1><\/div><p class=\"uagb-ifb-desc\">Minden, amit tudni kell a csempe m\u0171szaki tulajdons\u00e1gair\u00f3l<\/p><\/div><\/div>\n<\/div>\n\n\n\n<div class=\"wp-block-uagb-column uagb-column__wrap uagb-column__background-undefined uagb-block-9ea68703\"><div class=\"uagb-column__overlay\"><\/div><\/div>\n<\/div><\/section>\n\n<section class=\"wp-block-uagb-columns uagb-columns__wrap uagb-columns__background-none uagb-columns__stack-mobile uagb-columns__valign- uagb-columns__gap-30 align uagb-block-f208f2f9 uagb-columns__columns-3 uagb-columns__max_width-theme\"><div class=\"uagb-columns__overlay\"><\/div><div class=\"uagb-columns__inner-wrap uagb-columns__columns-3\">\n<div class=\"wp-block-uagb-column uagb-column__wrap uagb-column__background-undefined uagb-block-9cb55618\"><div class=\"uagb-column__overlay\"><\/div>\n<p class=\"has-text-align-center has-medium-font-size\">Design Tile Kollekci\u00f3 M\u0171szaki Inform\u00e1ci\u00f3<\/p>\n\n\n\n<div style=\"height:20px\" aria-hidden=\"true\" class=\"wp-block-spacer\"><\/div>\n\n\n\n<div class=\"wp-block-uagb-marketing-button uagb-marketing-btn__align-center uagb-marketing-btn__align-text-center uagb-marketing-btn__icon-before uagb-block-8da82fc4 wp-block-button\"><a href=\"https:\/\/r-tileretailflooring.com\/wp-content\/uploads\/2024\/03\/Design-Tile-Tech-Spec-English-1.1.pdf\" class=\"uagb-marketing-btn__link wp-block-button__link\" target=\"\" rel=\"noopener noreferrer\"><h6 class=\"uagb-marketing-btn__title\">M\u0171szaki t\u00e1bl\u00e1zat megtekint\u00e9se<\/h6><p class=\"uagb-marketing-btn__prefix\"><\/p><\/a><\/div>\n\n\n\n<div style=\"height:60px\" aria-hidden=\"true\" class=\"wp-block-spacer\"><\/div>\n\n\n\n<div style=\"height:50px\" aria-hidden=\"true\" class=\"wp-block-spacer\"><\/div>\n\n\n\n<figure class=\"wp-block-image size-large\"><img loading=\"lazy\" decoding=\"async\" width=\"800\" height=\"600\" src=\"https:\/\/r-tileretailflooring.com\/wp-content\/uploads\/2020\/05\/design-tile-collection.png\" alt=\"\" class=\"wp-image-25979\" srcset=\"https:\/\/r-tileretailflooring.com\/wp-content\/uploads\/2020\/05\/design-tile-collection.png 800w, https:\/\/r-tileretailflooring.com\/wp-content\/uploads\/2020\/05\/design-tile-collection-300x225.png 300w, https:\/\/r-tileretailflooring.com\/wp-content\/uploads\/2020\/05\/design-tile-collection-768x576.png 768w\" sizes=\"auto, (max-width: 800px) 100vw, 800px\" \/><\/figure><\/div>\n\n\n\n<div class=\"wp-block-uagb-column uagb-column__wrap uagb-column__background-undefined uagb-block-b2e812a4\"><div class=\"uagb-column__overlay\"><\/div>\n<p class=\"has-text-align-center has-medium-font-size\">Urban Tile Kollekci\u00f3 M\u0171szaki Inform\u00e1ci\u00f3 <\/p>\n\n\n\n<div style=\"height:20px\" aria-hidden=\"true\" class=\"wp-block-spacer\"><\/div>\n\n\n\n<div class=\"wp-block-uagb-marketing-button uagb-marketing-btn__align-center uagb-marketing-btn__align-text-center uagb-marketing-btn__icon-before uagb-block-2abf1fc3 wp-block-button\"><a href=\"https:\/\/r-tileretailflooring.com\/wp-content\/uploads\/2024\/03\/Urban-Tile-Tech-Spec-English-1.1.pdf\" class=\"uagb-marketing-btn__link wp-block-button__link\" target=\"\" rel=\"noopener noreferrer\"><h6 class=\"uagb-marketing-btn__title\">Inform\u00e1ci\u00f3k megtekint\u00e9se<\/h6><p class=\"uagb-marketing-btn__prefix\"><\/p><\/a><\/div>\n\n\n\n<div style=\"height:60px\" aria-hidden=\"true\" class=\"wp-block-spacer\"><\/div>\n\n\n\n<div style=\"height:50px\" aria-hidden=\"true\" class=\"wp-block-spacer\"><\/div>\n\n\n\n<figure class=\"wp-block-image size-large\"><img loading=\"lazy\" decoding=\"async\" width=\"800\" height=\"600\" src=\"https:\/\/r-tileretailflooring.com\/wp-content\/uploads\/2020\/05\/urban-tile-collection.png\" alt=\"\" class=\"wp-image-25978\" srcset=\"https:\/\/r-tileretailflooring.com\/wp-content\/uploads\/2020\/05\/urban-tile-collection.png 800w, https:\/\/r-tileretailflooring.com\/wp-content\/uploads\/2020\/05\/urban-tile-collection-300x225.png 300w, https:\/\/r-tileretailflooring.com\/wp-content\/uploads\/2020\/05\/urban-tile-collection-768x576.png 768w\" sizes=\"auto, (max-width: 800px) 100vw, 800px\" \/><\/figure><\/div>\n\n\n\n<div class=\"wp-block-uagb-column uagb-column__wrap uagb-column__background-undefined uagb-block-b7ebf196\"><div class=\"uagb-column__overlay\"><\/div>\n<p class=\"has-text-align-center has-medium-font-size\">Standard R-Tile Kollekci\u00f3 M\u0171szaki Inform\u00e1ci\u00f3 <\/p>\n\n\n\n<div style=\"height:20px\" aria-hidden=\"true\" class=\"wp-block-spacer\"><\/div>\n\n\n\n<div class=\"wp-block-uagb-marketing-button uagb-marketing-btn__align-center uagb-marketing-btn__align-text-center uagb-marketing-btn__icon-before uagb-block-32c986c9 wp-block-button\"><a href=\"https:\/\/r-tileretailflooring.com\/wp-content\/uploads\/2024\/05\/Standard-Range-Tech-Table-English-1.2.pdf\" class=\"uagb-marketing-btn__link wp-block-button__link\" target=\"\" rel=\"noopener noreferrer\"><h6 class=\"uagb-marketing-btn__title\">Inform\u00e1ci\u00f3k megtekint\u00e9se<\/h6><p class=\"uagb-marketing-btn__prefix\"><\/p><\/a><\/div>\n\n\n\n<div style=\"height:60px\" aria-hidden=\"true\" class=\"wp-block-spacer\"><\/div>\n\n\n\n<div style=\"height:50px\" aria-hidden=\"true\" class=\"wp-block-spacer\"><\/div>\n\n\n\n<figure class=\"wp-block-image size-large\"><img loading=\"lazy\" decoding=\"async\" width=\"800\" height=\"600\" src=\"https:\/\/r-tileretailflooring.com\/wp-content\/uploads\/2020\/05\/back-of-house.png\" alt=\"\" class=\"wp-image-25980\" srcset=\"https:\/\/r-tileretailflooring.com\/wp-content\/uploads\/2020\/05\/back-of-house.png 800w, https:\/\/r-tileretailflooring.com\/wp-content\/uploads\/2020\/05\/back-of-house-300x225.png 300w, https:\/\/r-tileretailflooring.com\/wp-content\/uploads\/2020\/05\/back-of-house-768x576.png 768w\" sizes=\"auto, (max-width: 800px) 100vw, 800px\" \/><\/figure><\/div>\n<\/div><\/section>\n\n<section class=\"wp-block-uagb-columns uagb-columns__wrap uagb-columns__background-none uagb-columns__stack-mobile uagb-columns__valign- uagb-columns__gap-10 align uagb-block-e4db6610 uagb-columns__columns-2 uagb-columns__max_width-theme\"><div class=\"uagb-columns__overlay\"><\/div><div class=\"uagb-columns__inner-wrap uagb-columns__columns-2\">\n<div class=\"wp-block-uagb-column uagb-column__wrap uagb-column__background-undefined uagb-block-5b928506\"><div class=\"uagb-column__overlay\"><\/div>\n<p class=\"has-medium-font-size\"><strong>Garanci\u00e1lis inform\u00e1ci\u00f3k<\/strong><\/p>\n\n\n\n<p class=\"has-medium-font-size\">Tekintse meg a fenti term\u00e9kekre vonatkoz\u00f3 \u00f6sszes garanci\u00e1lis inform\u00e1ci\u00f3t.  <\/p>\n<\/div>\n\n\n\n<div class=\"wp-block-uagb-column uagb-column__wrap uagb-column__background-undefined uagb-block-39dd46d6\"><div class=\"uagb-column__overlay\"><\/div>\n<div class=\"wp-block-buttons is-layout-flex wp-block-buttons-is-layout-flex\">\n<div class=\"wp-block-button\"><a class=\"wp-block-button__link has-ast-global-color-5-color has-ast-global-color-8-background-color has-text-color has-background has-link-color wp-element-button\" href=\"https:\/\/r-tileretailflooring.com\/wp-content\/uploads\/2024\/06\/R-Tek-Contractual-Warranty-Products-for-commercial-applications-International-June-2024.pdf\">Garanci\u00e1lis inform\u00e1ci\u00f3k megtekint\u00e9se<\/a><\/div>\n<\/div>\n<\/div>\n<\/div><\/section>\n\n<section class=\"wp-block-uagb-columns uagb-columns__wrap uagb-columns__background-none uagb-columns__stack-mobile uagb-columns__valign- uagb-columns__gap-10 align uagb-block-ffe453c9 uagb-columns__columns-2 uagb-columns__max_width-theme\"><div class=\"uagb-columns__overlay\"><\/div><div class=\"uagb-columns__inner-wrap uagb-columns__columns-2\">\n<div class=\"wp-block-uagb-column uagb-column__wrap uagb-column__background-undefined uagb-block-9bead9c4\"><div class=\"uagb-column__overlay\"><\/div>\n<p class=\"has-medium-font-size\"><strong>M\u0171szaki tan\u00fas\u00edtv\u00e1nyok<\/strong><\/p>\n\n\n\n<p class=\"has-medium-font-size\">Tekintse meg Design Tile \u00e9s Urban Tile kollekci\u00f3ink m\u0171szaki jellemz\u0151inek teljes list\u00e1j\u00e1t. <\/p>\n<\/div>\n\n\n\n<div class=\"wp-block-uagb-column uagb-column__wrap uagb-column__background-undefined uagb-block-9ac0b2e5\"><div class=\"uagb-column__overlay\"><\/div>\n<figure class=\"wp-block-image size-large\"><img loading=\"lazy\" decoding=\"async\" width=\"1024\" height=\"235\" src=\"https:\/\/r-tileretailflooring.com\/wp-content\/uploads\/2023\/08\/Tech-Image-New-Aug-23-1024x235.jpg\" alt=\"\" class=\"wp-image-34753\" srcset=\"https:\/\/r-tileretailflooring.com\/wp-content\/uploads\/2023\/08\/Tech-Image-New-Aug-23-1024x235.jpg 1024w, https:\/\/r-tileretailflooring.com\/wp-content\/uploads\/2023\/08\/Tech-Image-New-Aug-23-300x69.jpg 300w, https:\/\/r-tileretailflooring.com\/wp-content\/uploads\/2023\/08\/Tech-Image-New-Aug-23-768x177.jpg 768w, https:\/\/r-tileretailflooring.com\/wp-content\/uploads\/2023\/08\/Tech-Image-New-Aug-23-1536x353.jpg 1536w, https:\/\/r-tileretailflooring.com\/wp-content\/uploads\/2023\/08\/Tech-Image-New-Aug-23.jpg 1562w\" sizes=\"auto, (max-width: 1024px) 100vw, 1024px\" \/><\/figure><\/div>\n<\/div><\/section>\n\n<section class=\"wp-block-uagb-columns uagb-columns__wrap uagb-columns__background-none uagb-columns__stack-mobile uagb-columns__valign- uagb-columns__gap-10 align uagb-block-b24e196f uagb-columns__columns-2 uagb-columns__max_width-theme\"><div class=\"uagb-columns__overlay\"><\/div><div class=\"uagb-columns__inner-wrap uagb-columns__columns-2\">\n<div class=\"wp-block-uagb-column uagb-column__wrap uagb-column__background-undefined uagb-block-4eefafab\"><div class=\"uagb-column__overlay\"><\/div>\n<p class=\"has-medium-font-size\"><strong>Term\u00e9kadatok <\/strong><\/p>\n\n\n\n<p class=\"has-medium-font-size\">A term\u00e9kr\u00e9szletek diagramja az Urban and Design Tile kollekci\u00f3 \u00e1ltal k\u00edn\u00e1lt el\u0151ny\u00f6k \u00e9s pontok teljes list\u00e1j\u00e1t tartalmazza.<\/p>\n<\/div>\n\n\n\n<div class=\"wp-block-uagb-column uagb-column__wrap uagb-column__background-undefined uagb-block-59b3724d\"><div class=\"uagb-column__overlay\"><\/div>\n<figure class=\"wp-block-image size-large\"><img loading=\"lazy\" decoding=\"async\" width=\"1024\" height=\"399\" src=\"https:\/\/r-tileretailflooring.com\/wp-content\/uploads\/2020\/05\/urban-technical-1-1024x399.jpg\" alt=\"\" class=\"wp-image-26022\" srcset=\"https:\/\/r-tileretailflooring.com\/wp-content\/uploads\/2020\/05\/urban-technical-1-1024x399.jpg 1024w, https:\/\/r-tileretailflooring.com\/wp-content\/uploads\/2020\/05\/urban-technical-1-300x117.jpg 300w, https:\/\/r-tileretailflooring.com\/wp-content\/uploads\/2020\/05\/urban-technical-1-768x299.jpg 768w, https:\/\/r-tileretailflooring.com\/wp-content\/uploads\/2020\/05\/urban-technical-1-1536x599.jpg 1536w, https:\/\/r-tileretailflooring.com\/wp-content\/uploads\/2020\/05\/urban-technical-1-2048x799.jpg 2048w\" sizes=\"auto, (max-width: 1024px) 100vw, 1024px\" \/><\/figure><\/div>\n<\/div><\/section>\n","protected":false},"excerpt":{"rendered":"<p>Design Tile Kollekci\u00f3 M\u0171szaki Inform\u00e1ci\u00f3 Urban Tile Kollekci\u00f3 M\u0171szaki Inform\u00e1ci\u00f3 Standard R-Tile Kollekci\u00f3 M\u0171szaki Inform\u00e1ci\u00f3 Garanci\u00e1lis inform\u00e1ci\u00f3k Tekintse meg a fenti term\u00e9kekre vonatkoz\u00f3 \u00f6sszes garanci\u00e1lis inform\u00e1ci\u00f3t. M\u0171szaki tan\u00fas\u00edtv\u00e1nyok Tekintse meg Design Tile \u00e9s Urban Tile kollekci\u00f3ink m\u0171szaki jellemz\u0151inek teljes list\u00e1j\u00e1t. Term\u00e9kadatok A term\u00e9kr\u00e9szletek diagramja az Urban and Design Tile kollekci\u00f3 \u00e1ltal k\u00edn\u00e1lt el\u0151ny\u00f6k \u00e9s pontok [&hellip;]<\/p>\n","protected":false},"author":2,"featured_media":0,"parent":0,"menu_order":0,"comment_status":"closed","ping_status":"closed","template":"","meta":{"_uag_custom_page_level_css":"","site-sidebar-layout":"no-sidebar","site-content-layout":"page-builder","ast-site-content-layout":"full-width-container","site-content-style":"unboxed","site-sidebar-style":"unboxed","ast-global-header-display":"","ast-banner-title-visibility":"","ast-main-header-display":"","ast-hfb-above-header-display":"","ast-hfb-below-header-display":"","ast-hfb-mobile-header-display":"","site-post-title":"disabled","ast-breadcrumbs-content":"","ast-featured-img":"disabled","footer-sml-layout":"","ast-disable-related-posts":"","theme-transparent-header-meta":"enabled","adv-header-id-meta":"","stick-header-meta":"","header-above-stick-meta":"","header-main-stick-meta":"","header-below-stick-meta":"","astra-migrate-meta-layouts":"default","ast-page-background-enabled":"default","ast-page-background-meta":{"desktop":{"background-color":"","background-image":"","background-repeat":"repeat","background-position":"center center","background-size":"auto","background-attachment":"scroll","background-type":"","background-media":"","overlay-type":"","overlay-color":"","overlay-opacity":"","overlay-gradient":""},"tablet":{"background-color":"","background-image":"","background-repeat":"repeat","background-position":"center center","background-size":"auto","background-attachment":"scroll","background-type":"","background-media":"","overlay-type":"","overlay-color":"","overlay-opacity":"","overlay-gradient":""},"mobile":{"background-color":"","background-image":"","background-repeat":"repeat","background-position":"center center","background-size":"auto","background-attachment":"scroll","background-type":"","background-media":"","overlay-type":"","overlay-color":"","overlay-opacity":"","overlay-gradient":""}},"ast-content-background-meta":{"desktop":{"background-color":"var(--ast-global-color-5)","background-image":"","background-repeat":"repeat","background-position":"center center","background-size":"auto","background-attachment":"scroll","background-type":"","background-media":"","overlay-type":"","overlay-color":"","overlay-opacity":"","overlay-gradient":""},"tablet":{"background-color":"var(--ast-global-color-5)","background-image":"","background-repeat":"repeat","background-position":"center center","background-size":"auto","background-attachment":"scroll","background-type":"","background-media":"","overlay-type":"","overlay-color":"","overlay-opacity":"","overlay-gradient":""},"mobile":{"background-color":"var(--ast-global-color-5)","background-image":"","background-repeat":"repeat","background-position":"center center","background-size":"auto","background-attachment":"scroll","background-type":"","background-media":"","overlay-type":"","overlay-color":"","overlay-opacity":"","overlay-gradient":""}},"footnotes":""},"class_list":["post-34109","page","type-page","status-publish","hentry"],"yoast_head":"<!-- This site is optimized with the Yoast SEO plugin v27.5 - https:\/\/yoast.com\/product\/yoast-seo-wordpress\/ -->\n<title>M\u0171szaki inform\u00e1ci\u00f3k - R-Tile Retail Flooring<\/title>\n<meta name=\"description\" content=\"Tudjon meg minden m\u0171szaki inform\u00e1ci\u00f3t, amelyet term\u00e9kcsal\u00e1djainkr\u00f3l tudni kell. A cs\u00fasz\u00e1si besorol\u00e1st\u00f3l a t\u0171z\u00e1ll\u00f3s\u00e1gig minden.\" \/>\n<meta name=\"robots\" content=\"index, follow, max-snippet:-1, max-image-preview:large, max-video-preview:-1\" \/>\n<link rel=\"canonical\" href=\"https:\/\/r-tileretailflooring.com\/hu\/muszaki-informaciok\/\" \/>\n<meta property=\"og:locale\" content=\"hu_HU\" \/>\n<meta property=\"og:type\" content=\"article\" \/>\n<meta property=\"og:title\" content=\"M\u0171szaki inform\u00e1ci\u00f3k - R-Tile Retail Flooring\" \/>\n<meta property=\"og:description\" content=\"Tudjon meg minden m\u0171szaki inform\u00e1ci\u00f3t, amelyet term\u00e9kcsal\u00e1djainkr\u00f3l tudni kell. A cs\u00fasz\u00e1si besorol\u00e1st\u00f3l a t\u0171z\u00e1ll\u00f3s\u00e1gig minden.\" \/>\n<meta property=\"og:url\" content=\"https:\/\/r-tileretailflooring.com\/hu\/muszaki-informaciok\/\" \/>\n<meta property=\"og:site_name\" content=\"R-Tile Retail Flooring\" \/>\n<meta property=\"article:modified_time\" content=\"2024-06-13T21:20:12+00:00\" \/>\n<meta property=\"og:image\" content=\"https:\/\/r-tileretailflooring.com\/wp-content\/uploads\/2020\/05\/design-tile-collection.png\" \/>\n<meta name=\"twitter:card\" content=\"summary_large_image\" \/>\n<meta name=\"twitter:label1\" content=\"Becs\u00fclt olvas\u00e1si id\u0151\" \/>\n\t<meta name=\"twitter:data1\" content=\"2 perc\" \/>\n<script type=\"application\/ld+json\" class=\"yoast-schema-graph\">{\"@context\":\"https:\\\/\\\/schema.org\",\"@graph\":[{\"@type\":\"WebPage\",\"@id\":\"https:\\\/\\\/r-tileretailflooring.com\\\/hu\\\/muszaki-informaciok\\\/\",\"url\":\"https:\\\/\\\/r-tileretailflooring.com\\\/hu\\\/muszaki-informaciok\\\/\",\"name\":\"M\u0171szaki inform\u00e1ci\u00f3k - R-Tile Retail Flooring\",\"isPartOf\":{\"@id\":\"https:\\\/\\\/r-tileretailflooring.com\\\/#website\"},\"primaryImageOfPage\":{\"@id\":\"https:\\\/\\\/r-tileretailflooring.com\\\/hu\\\/muszaki-informaciok\\\/#primaryimage\"},\"image\":{\"@id\":\"https:\\\/\\\/r-tileretailflooring.com\\\/hu\\\/muszaki-informaciok\\\/#primaryimage\"},\"thumbnailUrl\":\"https:\\\/\\\/r-tileretailflooring.com\\\/wp-content\\\/uploads\\\/2020\\\/05\\\/design-tile-collection.png\",\"datePublished\":\"2022-08-10T07:49:44+00:00\",\"dateModified\":\"2024-06-13T21:20:12+00:00\",\"description\":\"Tudjon meg minden m\u0171szaki inform\u00e1ci\u00f3t, amelyet term\u00e9kcsal\u00e1djainkr\u00f3l tudni kell. A cs\u00fasz\u00e1si besorol\u00e1st\u00f3l a t\u0171z\u00e1ll\u00f3s\u00e1gig minden.\",\"breadcrumb\":{\"@id\":\"https:\\\/\\\/r-tileretailflooring.com\\\/hu\\\/muszaki-informaciok\\\/#breadcrumb\"},\"inLanguage\":\"hu\",\"potentialAction\":[{\"@type\":\"ReadAction\",\"target\":[\"https:\\\/\\\/r-tileretailflooring.com\\\/hu\\\/muszaki-informaciok\\\/\"]}]},{\"@type\":\"ImageObject\",\"inLanguage\":\"hu\",\"@id\":\"https:\\\/\\\/r-tileretailflooring.com\\\/hu\\\/muszaki-informaciok\\\/#primaryimage\",\"url\":\"https:\\\/\\\/r-tileretailflooring.com\\\/wp-content\\\/uploads\\\/2020\\\/05\\\/design-tile-collection.png\",\"contentUrl\":\"https:\\\/\\\/r-tileretailflooring.com\\\/wp-content\\\/uploads\\\/2020\\\/05\\\/design-tile-collection.png\"},{\"@type\":\"BreadcrumbList\",\"@id\":\"https:\\\/\\\/r-tileretailflooring.com\\\/hu\\\/muszaki-informaciok\\\/#breadcrumb\",\"itemListElement\":[{\"@type\":\"ListItem\",\"position\":1,\"name\":\"Home\",\"item\":\"https:\\\/\\\/r-tileretailflooring.com\\\/hu\\\/\"},{\"@type\":\"ListItem\",\"position\":2,\"name\":\"M\u0171szaki inform\u00e1ci\u00f3k\"}]},{\"@type\":\"WebSite\",\"@id\":\"https:\\\/\\\/r-tileretailflooring.com\\\/#website\",\"url\":\"https:\\\/\\\/r-tileretailflooring.com\\\/\",\"name\":\"R-Tile Retail Flooring\",\"description\":\"Retail Flooring Specialists\",\"publisher\":{\"@id\":\"https:\\\/\\\/r-tileretailflooring.com\\\/#organization\"},\"potentialAction\":[{\"@type\":\"SearchAction\",\"target\":{\"@type\":\"EntryPoint\",\"urlTemplate\":\"https:\\\/\\\/r-tileretailflooring.com\\\/?s={search_term_string}\"},\"query-input\":{\"@type\":\"PropertyValueSpecification\",\"valueRequired\":true,\"valueName\":\"search_term_string\"}}],\"inLanguage\":\"hu\"},{\"@type\":\"Organization\",\"@id\":\"https:\\\/\\\/r-tileretailflooring.com\\\/#organization\",\"name\":\"R-Tile Retail Flooring\",\"url\":\"https:\\\/\\\/r-tileretailflooring.com\\\/\",\"logo\":{\"@type\":\"ImageObject\",\"inLanguage\":\"hu\",\"@id\":\"https:\\\/\\\/r-tileretailflooring.com\\\/#\\\/schema\\\/logo\\\/image\\\/\",\"url\":\"https:\\\/\\\/r-tileretailflooring.com\\\/wp-content\\\/uploads\\\/2020\\\/04\\\/cropped-R-Tek_Logo-2.png\",\"contentUrl\":\"https:\\\/\\\/r-tileretailflooring.com\\\/wp-content\\\/uploads\\\/2020\\\/04\\\/cropped-R-Tek_Logo-2.png\",\"width\":1198,\"height\":399,\"caption\":\"R-Tile Retail Flooring\"},\"image\":{\"@id\":\"https:\\\/\\\/r-tileretailflooring.com\\\/#\\\/schema\\\/logo\\\/image\\\/\"}}]}<\/script>\n<!-- \/ Yoast SEO plugin. -->","yoast_head_json":{"title":"M\u0171szaki inform\u00e1ci\u00f3k - R-Tile Retail Flooring","description":"Tudjon meg minden m\u0171szaki inform\u00e1ci\u00f3t, amelyet term\u00e9kcsal\u00e1djainkr\u00f3l tudni kell. A cs\u00fasz\u00e1si besorol\u00e1st\u00f3l a t\u0171z\u00e1ll\u00f3s\u00e1gig minden.","robots":{"index":"index","follow":"follow","max-snippet":"max-snippet:-1","max-image-preview":"max-image-preview:large","max-video-preview":"max-video-preview:-1"},"canonical":"https:\/\/r-tileretailflooring.com\/hu\/muszaki-informaciok\/","og_locale":"hu_HU","og_type":"article","og_title":"M\u0171szaki inform\u00e1ci\u00f3k - R-Tile Retail Flooring","og_description":"Tudjon meg minden m\u0171szaki inform\u00e1ci\u00f3t, amelyet term\u00e9kcsal\u00e1djainkr\u00f3l tudni kell. A cs\u00fasz\u00e1si besorol\u00e1st\u00f3l a t\u0171z\u00e1ll\u00f3s\u00e1gig minden.","og_url":"https:\/\/r-tileretailflooring.com\/hu\/muszaki-informaciok\/","og_site_name":"R-Tile Retail Flooring","article_modified_time":"2024-06-13T21:20:12+00:00","og_image":[{"url":"https:\/\/r-tileretailflooring.com\/wp-content\/uploads\/2020\/05\/design-tile-collection.png","type":"","width":"","height":""}],"twitter_card":"summary_large_image","twitter_misc":{"Becs\u00fclt olvas\u00e1si id\u0151":"2 perc"},"schema":{"@context":"https:\/\/schema.org","@graph":[{"@type":"WebPage","@id":"https:\/\/r-tileretailflooring.com\/hu\/muszaki-informaciok\/","url":"https:\/\/r-tileretailflooring.com\/hu\/muszaki-informaciok\/","name":"M\u0171szaki inform\u00e1ci\u00f3k - R-Tile Retail Flooring","isPartOf":{"@id":"https:\/\/r-tileretailflooring.com\/#website"},"primaryImageOfPage":{"@id":"https:\/\/r-tileretailflooring.com\/hu\/muszaki-informaciok\/#primaryimage"},"image":{"@id":"https:\/\/r-tileretailflooring.com\/hu\/muszaki-informaciok\/#primaryimage"},"thumbnailUrl":"https:\/\/r-tileretailflooring.com\/wp-content\/uploads\/2020\/05\/design-tile-collection.png","datePublished":"2022-08-10T07:49:44+00:00","dateModified":"2024-06-13T21:20:12+00:00","description":"Tudjon meg minden m\u0171szaki inform\u00e1ci\u00f3t, amelyet term\u00e9kcsal\u00e1djainkr\u00f3l tudni kell. A cs\u00fasz\u00e1si besorol\u00e1st\u00f3l a t\u0171z\u00e1ll\u00f3s\u00e1gig minden.","breadcrumb":{"@id":"https:\/\/r-tileretailflooring.com\/hu\/muszaki-informaciok\/#breadcrumb"},"inLanguage":"hu","potentialAction":[{"@type":"ReadAction","target":["https:\/\/r-tileretailflooring.com\/hu\/muszaki-informaciok\/"]}]},{"@type":"ImageObject","inLanguage":"hu","@id":"https:\/\/r-tileretailflooring.com\/hu\/muszaki-informaciok\/#primaryimage","url":"https:\/\/r-tileretailflooring.com\/wp-content\/uploads\/2020\/05\/design-tile-collection.png","contentUrl":"https:\/\/r-tileretailflooring.com\/wp-content\/uploads\/2020\/05\/design-tile-collection.png"},{"@type":"BreadcrumbList","@id":"https:\/\/r-tileretailflooring.com\/hu\/muszaki-informaciok\/#breadcrumb","itemListElement":[{"@type":"ListItem","position":1,"name":"Home","item":"https:\/\/r-tileretailflooring.com\/hu\/"},{"@type":"ListItem","position":2,"name":"M\u0171szaki inform\u00e1ci\u00f3k"}]},{"@type":"WebSite","@id":"https:\/\/r-tileretailflooring.com\/#website","url":"https:\/\/r-tileretailflooring.com\/","name":"R-Tile Retail Flooring","description":"Retail Flooring Specialists","publisher":{"@id":"https:\/\/r-tileretailflooring.com\/#organization"},"potentialAction":[{"@type":"SearchAction","target":{"@type":"EntryPoint","urlTemplate":"https:\/\/r-tileretailflooring.com\/?s={search_term_string}"},"query-input":{"@type":"PropertyValueSpecification","valueRequired":true,"valueName":"search_term_string"}}],"inLanguage":"hu"},{"@type":"Organization","@id":"https:\/\/r-tileretailflooring.com\/#organization","name":"R-Tile Retail Flooring","url":"https:\/\/r-tileretailflooring.com\/","logo":{"@type":"ImageObject","inLanguage":"hu","@id":"https:\/\/r-tileretailflooring.com\/#\/schema\/logo\/image\/","url":"https:\/\/r-tileretailflooring.com\/wp-content\/uploads\/2020\/04\/cropped-R-Tek_Logo-2.png","contentUrl":"https:\/\/r-tileretailflooring.com\/wp-content\/uploads\/2020\/04\/cropped-R-Tek_Logo-2.png","width":1198,"height":399,"caption":"R-Tile Retail Flooring"},"image":{"@id":"https:\/\/r-tileretailflooring.com\/#\/schema\/logo\/image\/"}}]}},"uagb_featured_image_src":{"full":false,"thumbnail":false,"medium":false,"medium_large":false,"large":false,"1536x1536":false,"2048x2048":false},"uagb_author_info":{"display_name":"Conor Lamph","author_link":"https:\/\/r-tileretailflooring.com\/hu\/author\/conor-lamph\/"},"uagb_comment_info":0,"uagb_excerpt":"Design Tile Kollekci\u00f3 M\u0171szaki Inform\u00e1ci\u00f3 Urban Tile Kollekci\u00f3 M\u0171szaki Inform\u00e1ci\u00f3 Standard R-Tile Kollekci\u00f3 M\u0171szaki Inform\u00e1ci\u00f3 Garanci\u00e1lis inform\u00e1ci\u00f3k Tekintse meg a fenti term\u00e9kekre vonatkoz\u00f3 \u00f6sszes garanci\u00e1lis inform\u00e1ci\u00f3t. M\u0171szaki tan\u00fas\u00edtv\u00e1nyok Tekintse meg Design Tile \u00e9s Urban Tile kollekci\u00f3ink m\u0171szaki jellemz\u0151inek teljes list\u00e1j\u00e1t. Term\u00e9kadatok A term\u00e9kr\u00e9szletek diagramja az Urban and Design Tile kollekci\u00f3 \u00e1ltal k\u00edn\u00e1lt el\u0151ny\u00f6k \u00e9s pontok&hellip;","_links":{"self":[{"href":"https:\/\/r-tileretailflooring.com\/hu\/wp-json\/wp\/v2\/pages\/34109","targetHints":{"allow":["GET"]}}],"collection":[{"href":"https:\/\/r-tileretailflooring.com\/hu\/wp-json\/wp\/v2\/pages"}],"about":[{"href":"https:\/\/r-tileretailflooring.com\/hu\/wp-json\/wp\/v2\/types\/page"}],"author":[{"embeddable":true,"href":"https:\/\/r-tileretailflooring.com\/hu\/wp-json\/wp\/v2\/users\/2"}],"replies":[{"embeddable":true,"href":"https:\/\/r-tileretailflooring.com\/hu\/wp-json\/wp\/v2\/comments?post=34109"}],"version-history":[{"count":10,"href":"https:\/\/r-tileretailflooring.com\/hu\/wp-json\/wp\/v2\/pages\/34109\/revisions"}],"predecessor-version":[{"id":34924,"href":"https:\/\/r-tileretailflooring.com\/hu\/wp-json\/wp\/v2\/pages\/34109\/revisions\/34924"}],"wp:attachment":[{"href":"https:\/\/r-tileretailflooring.com\/hu\/wp-json\/wp\/v2\/media?parent=34109"}],"curies":[{"name":"wp","href":"https:\/\/api.w.org\/{rel}","templated":true}]}}