{"id":34162,"date":"2022-09-01T14:52:57","date_gmt":"2022-09-01T14:52:57","guid":{"rendered":"https:\/\/r-tileretailflooring.com\/korulbelul\/"},"modified":"2022-10-18T12:32:30","modified_gmt":"2022-10-18T12:32:30","slug":"korulbelul","status":"publish","type":"page","link":"https:\/\/r-tileretailflooring.com\/hu\/korulbelul\/","title":{"rendered":"K\u00f6r\u00fclbel\u00fcl"},"content":{"rendered":"\n<section class=\"wp-block-uagb-columns uagb-columns__wrap uagb-columns__background-image uagb-columns__stack-mobile uagb-columns__valign-undefined uagb-columns__gap-10 alignundefined uagb-block-e632d4a9\"><div class=\"uagb-columns__overlay\"><\/div><div class=\"uagb-columns__inner-wrap uagb-columns__columns-3\">\n<div class=\"wp-block-uagb-column uagb-column__wrap uagb-column__background-undefined uagb-block-f3be94cd\"><div class=\"uagb-column__overlay\"><\/div><div class=\"uagb-column__inner-wrap\">\n<p><\/p>\n<\/div><\/div>\n\n\n\n<div class=\"wp-block-uagb-column uagb-column__wrap uagb-column__background-undefined uagb-block-94cd78ab\"><div class=\"uagb-column__overlay\"><\/div><div class=\"uagb-column__inner-wrap\">\n<div class=\"wp-block-uagb-info-box uagb-infobox__outer-wrap uagb-block-86d8af17\"><div class=\"uagb-infobox__content-wrap uagb-infobox uagb-infobox-has-icon uagb-infobox-icon-above-title uagb-infobox-image-valign-top uagb-infobox-enable-border-radius \"><div class=\"uagb-ifb-left-right-wrap\"><div class=\"uagb-ifb-content\"><div class=\"uagb-ifb-title-wrap\"><h1 class=\"uagb-ifb-title\">  R\u00f3lunk  <\/h1><\/div><div class=\"uagb-ifb-text-wrap\"><p class=\"uagb-ifb-desc\">Ismerje meg c\u00e9g\u00fcnket \u00e9s azt, hogy mi tesz minket egyediv\u00e9<\/p><\/div><\/div><\/div><\/div><\/div>\n<\/div><\/div>\n\n\n\n<div class=\"wp-block-uagb-column uagb-column__wrap uagb-column__background-undefined uagb-block-866eb090\"><div class=\"uagb-column__overlay\"><\/div><div class=\"uagb-column__inner-wrap\"><\/div><\/div>\n<\/div><\/section>\n\n<section class=\"wp-block-uagb-columns uagb-columns__wrap uagb-columns__background-undefined uagb-columns__stack-mobile uagb-columns__valign-undefined uagb-columns__gap-30 alignundefined uagb-block-88995658\"><div class=\"uagb-columns__overlay\"><\/div><div class=\"uagb-columns__inner-wrap uagb-columns__columns-2\">\n<div class=\"wp-block-uagb-column uagb-column__wrap uagb-column__background-undefined uagb-block-c85cd3cb\"><div class=\"uagb-column__overlay\"><\/div><div class=\"uagb-column__inner-wrap\">\n<figure class=\"wp-block-image size-large\"><img loading=\"lazy\" decoding=\"async\" width=\"768\" height=\"1024\" src=\"https:\/\/r-tileretailflooring.com\/wp-content\/uploads\/2020\/04\/new-exterior-signage-c-768x1024.jpg\" alt=\"\" class=\"wp-image-25540\" srcset=\"https:\/\/r-tileretailflooring.com\/wp-content\/uploads\/2020\/04\/new-exterior-signage-c-768x1024.jpg 768w, https:\/\/r-tileretailflooring.com\/wp-content\/uploads\/2020\/04\/new-exterior-signage-c-225x300.jpg 225w, https:\/\/r-tileretailflooring.com\/wp-content\/uploads\/2020\/04\/new-exterior-signage-c.jpg 1000w\" sizes=\"auto, (max-width: 768px) 100vw, 768px\" \/><\/figure>\n\n\n<p><\/p>\n<\/div><\/div>\n\n\n\n<div class=\"wp-block-uagb-column uagb-column__wrap uagb-column__background-color uagb-block-9247fd52\"><div class=\"uagb-column__overlay\"><\/div><div class=\"uagb-column__inner-wrap\">\n<div class=\"wp-block-uagb-info-box uagb-infobox__outer-wrap uagb-block-ed1f3728\"><div class=\"uagb-infobox__content-wrap uagb-infobox uagb-infobox-has-icon uagb-infobox-icon-above-title uagb-infobox-image-valign-top uagb-infobox-enable-border-radius \"><div class=\"uagb-ifb-left-right-wrap\"><div class=\"uagb-ifb-content\"><div class=\"uagb-ifb-title-wrap\"><h2 class=\"uagb-ifb-title\">T\u00f6rt\u00e9net\u00fcnk  <\/h2><\/div><div class=\"uagb-ifb-text-wrap\"><p class=\"uagb-ifb-desc\">Az R-Tek h\u00e1zon bel\u00fcl gy\u00e1rtja az R-Tile egym\u00e1sba fon\u00f3d\u00f3 padl\u00f3lapok sorozat\u00e1t, amely 12 korszer\u0171 fr\u00f6ccs\u00f6nt\u0151g\u00e9p felhaszn\u00e1l\u00e1s\u00e1val m\u0171k\u00f6dik, \u00e9s a h\u00e9t 5 napj\u00e1n 24 \u00f3r\u00e1ban, 5 napon m\u0171k\u00f6dik.<br\/><br\/>Az R-Tile term\u00e9ksk\u00e1la el\u0151\u00e1ll\u00edt\u00e1s\u00e1hoz felhaszn\u00e1lt valamennyi anyag REACH-kompatibilis.  <br\/><br\/>Az R-Tile term\u00e9kcsal\u00e1d a BREEM szabv\u00e1nyoknak megfelel\u0151en A+ besorol\u00e1s\u00fa.  <br\/><br\/>Az R-Tek szigor\u00faan az ISO 14001-2004 k\u00f6rnyezetv\u00e9delmi szabv\u00e1nyoknak megfelel\u0151en is m\u0171k\u00f6dik, ahol minden hullad\u00e9kot 100%-ban \u00fajrahasznos\u00edtanak, \u00e9s mag\u00e1ban foglalja az \u00f6sszes selejtez\u0151lapot stb., Amelyeket granul\u00e1lnak \u00e9s \u00fajrafeldolgoznak, hogy \u00faj fekete csemp\u00e9ket \u00e1ll\u00edtsanak el\u0151.<\/p><\/div><\/div><\/div><\/div><\/div>\n\n\n\n<p><\/p>\n<\/div><\/div>\n<\/div><\/section>\n\n<section class=\"wp-block-uagb-columns uagb-columns__wrap uagb-columns__background-undefined uagb-columns__stack-mobile uagb-columns__valign-undefined uagb-columns__gap-10 alignundefined uagb-block-a4d36b69\"><div class=\"uagb-columns__overlay\"><\/div><div class=\"uagb-columns__inner-wrap uagb-columns__columns-2\">\n<div class=\"wp-block-uagb-column uagb-column__wrap uagb-column__background-undefined uagb-block-a673931c\"><div class=\"uagb-column__overlay\"><\/div><div class=\"uagb-column__inner-wrap\">\n<p>Mit\u0151l olyan egyedi a kiskereskedelmi padl\u00f3nk? N\u00e9zze meg a vide\u00f3t, ha t\u00f6bbet szeretne megtudni?  <\/p>\n<\/div><\/div>\n\n\n\n<div class=\"wp-block-uagb-column uagb-column__wrap uagb-column__background-undefined uagb-block-35d7b86a\"><div class=\"uagb-column__overlay\"><\/div><div class=\"uagb-column__inner-wrap\">\n<figure class=\"wp-block-embed is-type-video is-provider-youtube wp-block-embed-youtube wp-embed-aspect-16-9 wp-has-aspect-ratio\"><div class=\"wp-block-embed__wrapper\">\n<iframe loading=\"lazy\" title=\"R-Tile Design Collection - English\" width=\"500\" height=\"281\" src=\"https:\/\/www.youtube.com\/embed\/ekQQBRckhWo?list=PLEIEM3ejssZpfuxwUMJMkCo6RpCoFe-zs\" frameborder=\"0\" allow=\"accelerometer; autoplay; clipboard-write; encrypted-media; gyroscope; picture-in-picture; web-share\" referrerpolicy=\"strict-origin-when-cross-origin\" allowfullscreen><\/iframe>\n<\/div><\/figure>\n<\/div><\/div>\n<\/div><\/section>\n\n<section class=\"wp-block-uagb-columns uagb-columns__wrap uagb-columns__background-undefined uagb-columns__stack-mobile uagb-columns__valign-undefined uagb-columns__gap-30 alignundefined uagb-block-c39d5f02\"><div class=\"uagb-columns__overlay\"><\/div><div class=\"uagb-columns__inner-wrap uagb-columns__columns-2\">\n<div class=\"wp-block-uagb-column uagb-column__wrap uagb-column__background-color uagb-block-4468c44a\"><div class=\"uagb-column__overlay\"><\/div><div class=\"uagb-column__inner-wrap\">\n<figure class=\"wp-block-image size-large\"><img loading=\"lazy\" decoding=\"async\" width=\"675\" height=\"900\" src=\"https:\/\/r-tileretailflooring.com\/wp-content\/uploads\/2020\/04\/retail-flooring-deli-counter.jpg\" alt=\"\" class=\"wp-image-25465\" srcset=\"https:\/\/r-tileretailflooring.com\/wp-content\/uploads\/2020\/04\/retail-flooring-deli-counter.jpg 675w, https:\/\/r-tileretailflooring.com\/wp-content\/uploads\/2020\/04\/retail-flooring-deli-counter-225x300.jpg 225w\" sizes=\"auto, (max-width: 675px) 100vw, 675px\" \/><\/figure>\n\n\n<p><\/p>\n<\/div><\/div>\n\n\n\n<div class=\"wp-block-uagb-column uagb-column__wrap uagb-column__background-color uagb-block-3f270362\"><div class=\"uagb-column__overlay\"><\/div><div class=\"uagb-column__inner-wrap\">\n<div class=\"wp-block-uagb-info-box uagb-infobox__outer-wrap uagb-block-30acb978\"><div class=\"uagb-infobox__content-wrap uagb-infobox uagb-infobox-has-icon uagb-infobox-icon-above-title uagb-infobox-image-valign-top uagb-infobox-enable-border-radius \"><div class=\"uagb-ifb-left-right-wrap\"><div class=\"uagb-ifb-content\"><div class=\"uagb-ifb-title-wrap\"><h2 class=\"uagb-ifb-title\">Kutat\u00e1s \u00e9s fejleszt\u00e9s  <\/h2><\/div><div class=\"uagb-ifb-text-wrap\"><p class=\"uagb-ifb-desc\">Az R-Tek nemcsak az R-Tile term\u00e9kv\u00e1laszt\u00e9k gy\u00e1rt\u00e1s\u00e1ra specializ\u00e1l\u00f3dott, hanem er\u0151s K + F csapattal is rendelkezik, amely sz\u00e1mos innovat\u00edv \u00faj term\u00e9ket fejlesztett ki.  <br\/><br\/>Ezek k\u00f6z\u00e9 tartoznak a modern \u00e9s robusztusabb, egym\u00e1sba fon\u00f3d\u00f3 textur\u00e1lt galamb farokcsempe, valamint a piacvezet\u0151 rejtett illesztett pala csempe \u00e9s \u00fajabban a szabadalmaztatott design csempe, amely forradalmian \u00faj term\u00e9k a piacon.<\/p><\/div><\/div><\/div><\/div><\/div>\n\n\n\n<p><\/p>\n<\/div><\/div>\n<\/div><\/section>\n","protected":false},"excerpt":{"rendered":"<p>Mit\u0151l olyan egyedi a kiskereskedelmi padl\u00f3nk? N\u00e9zze meg a vide\u00f3t, ha t\u00f6bbet szeretne megtudni?<\/p>\n","protected":false},"author":2,"featured_media":0,"parent":0,"menu_order":0,"comment_status":"closed","ping_status":"closed","template":"","meta":{"_uag_custom_page_level_css":"","site-sidebar-layout":"no-sidebar","site-content-layout":"page-builder","ast-site-content-layout":"default","site-content-style":"default","site-sidebar-style":"default","ast-global-header-display":"","ast-banner-title-visibility":"","ast-main-header-display":"","ast-hfb-above-header-display":"","ast-hfb-below-header-display":"","ast-hfb-mobile-header-display":"","site-post-title":"disabled","ast-breadcrumbs-content":"","ast-featured-img":"disabled","footer-sml-layout":"","ast-disable-related-posts":"","theme-transparent-header-meta":"enabled","adv-header-id-meta":"","stick-header-meta":"","header-above-stick-meta":"","header-main-stick-meta":"","header-below-stick-meta":"","astra-migrate-meta-layouts":"default","ast-page-background-enabled":"default","ast-page-background-meta":{"desktop":{"background-color":"","background-image":"","background-repeat":"repeat","background-position":"center center","background-size":"auto","background-attachment":"scroll","background-type":"","background-media":"","overlay-type":"","overlay-color":"","overlay-opacity":"","overlay-gradient":""},"tablet":{"background-color":"","background-image":"","background-repeat":"repeat","background-position":"center center","background-size":"auto","background-attachment":"scroll","background-type":"","background-media":"","overlay-type":"","overlay-color":"","overlay-opacity":"","overlay-gradient":""},"mobile":{"background-color":"","background-image":"","background-repeat":"repeat","background-position":"center center","background-size":"auto","background-attachment":"scroll","background-type":"","background-media":"","overlay-type":"","overlay-color":"","overlay-opacity":"","overlay-gradient":""}},"ast-content-background-meta":{"desktop":{"background-color":"var(--ast-global-color-5)","background-image":"","background-repeat":"repeat","background-position":"center center","background-size":"auto","background-attachment":"scroll","background-type":"","background-media":"","overlay-type":"","overlay-color":"","overlay-opacity":"","overlay-gradient":""},"tablet":{"background-color":"var(--ast-global-color-5)","background-image":"","background-repeat":"repeat","background-position":"center center","background-size":"auto","background-attachment":"scroll","background-type":"","background-media":"","overlay-type":"","overlay-color":"","overlay-opacity":"","overlay-gradient":""},"mobile":{"background-color":"var(--ast-global-color-5)","background-image":"","background-repeat":"repeat","background-position":"center center","background-size":"auto","background-attachment":"scroll","background-type":"","background-media":"","overlay-type":"","overlay-color":"","overlay-opacity":"","overlay-gradient":""}},"footnotes":""},"class_list":["post-34162","page","type-page","status-publish","hentry"],"yoast_head":"<!-- This site is optimized with the Yoast SEO plugin v27.5 - https:\/\/yoast.com\/product\/yoast-seo-wordpress\/ -->\n<title>K\u00f6r\u00fclbel\u00fcl - R-Tile Retail Flooring<\/title>\n<meta name=\"description\" content=\"Tudjon meg mindent c\u00e9g\u00fcnkr\u0151l \u00e9s arr\u00f3l, hogy mi foglalkozik az els\u0151 sz\u00e1m\u00fa kiskereskedelmi padl\u00f3burkolati megold\u00e1saink gy\u00e1rt\u00e1s\u00e1val, garant\u00e1lt min\u0151s\u00e9ggel.\" \/>\n<meta name=\"robots\" content=\"index, follow, max-snippet:-1, max-image-preview:large, max-video-preview:-1\" \/>\n<link rel=\"canonical\" href=\"https:\/\/r-tileretailflooring.com\/hu\/korulbelul\/\" \/>\n<meta property=\"og:locale\" content=\"hu_HU\" \/>\n<meta property=\"og:type\" content=\"article\" \/>\n<meta property=\"og:title\" content=\"K\u00f6r\u00fclbel\u00fcl - R-Tile Retail Flooring\" \/>\n<meta property=\"og:description\" content=\"Tudjon meg mindent c\u00e9g\u00fcnkr\u0151l \u00e9s arr\u00f3l, hogy mi foglalkozik az els\u0151 sz\u00e1m\u00fa kiskereskedelmi padl\u00f3burkolati megold\u00e1saink gy\u00e1rt\u00e1s\u00e1val, garant\u00e1lt min\u0151s\u00e9ggel.\" \/>\n<meta property=\"og:url\" content=\"https:\/\/r-tileretailflooring.com\/hu\/korulbelul\/\" \/>\n<meta property=\"og:site_name\" content=\"R-Tile Retail Flooring\" \/>\n<meta property=\"article:modified_time\" content=\"2022-10-18T12:32:30+00:00\" \/>\n<meta property=\"og:image\" content=\"https:\/\/r-tileretailflooring.com\/wp-content\/uploads\/2020\/04\/new-exterior-signage-c-768x1024.jpg\" \/>\n<meta name=\"twitter:card\" content=\"summary_large_image\" \/>\n<meta name=\"twitter:label1\" content=\"Becs\u00fclt olvas\u00e1si id\u0151\" \/>\n\t<meta name=\"twitter:data1\" content=\"1 perc\" \/>\n<script type=\"application\/ld+json\" class=\"yoast-schema-graph\">{\"@context\":\"https:\\\/\\\/schema.org\",\"@graph\":[{\"@type\":\"WebPage\",\"@id\":\"https:\\\/\\\/r-tileretailflooring.com\\\/hu\\\/korulbelul\\\/\",\"url\":\"https:\\\/\\\/r-tileretailflooring.com\\\/hu\\\/korulbelul\\\/\",\"name\":\"K\u00f6r\u00fclbel\u00fcl - R-Tile Retail Flooring\",\"isPartOf\":{\"@id\":\"https:\\\/\\\/r-tileretailflooring.com\\\/#website\"},\"primaryImageOfPage\":{\"@id\":\"https:\\\/\\\/r-tileretailflooring.com\\\/hu\\\/korulbelul\\\/#primaryimage\"},\"image\":{\"@id\":\"https:\\\/\\\/r-tileretailflooring.com\\\/hu\\\/korulbelul\\\/#primaryimage\"},\"thumbnailUrl\":\"https:\\\/\\\/r-tileretailflooring.com\\\/wp-content\\\/uploads\\\/2020\\\/04\\\/new-exterior-signage-c-768x1024.jpg\",\"datePublished\":\"2022-09-01T14:52:57+00:00\",\"dateModified\":\"2022-10-18T12:32:30+00:00\",\"description\":\"Tudjon meg mindent c\u00e9g\u00fcnkr\u0151l \u00e9s arr\u00f3l, hogy mi foglalkozik az els\u0151 sz\u00e1m\u00fa kiskereskedelmi padl\u00f3burkolati megold\u00e1saink gy\u00e1rt\u00e1s\u00e1val, garant\u00e1lt min\u0151s\u00e9ggel.\",\"breadcrumb\":{\"@id\":\"https:\\\/\\\/r-tileretailflooring.com\\\/hu\\\/korulbelul\\\/#breadcrumb\"},\"inLanguage\":\"hu\",\"potentialAction\":[{\"@type\":\"ReadAction\",\"target\":[\"https:\\\/\\\/r-tileretailflooring.com\\\/hu\\\/korulbelul\\\/\"]}]},{\"@type\":\"ImageObject\",\"inLanguage\":\"hu\",\"@id\":\"https:\\\/\\\/r-tileretailflooring.com\\\/hu\\\/korulbelul\\\/#primaryimage\",\"url\":\"https:\\\/\\\/r-tileretailflooring.com\\\/wp-content\\\/uploads\\\/2020\\\/04\\\/new-exterior-signage-c-768x1024.jpg\",\"contentUrl\":\"https:\\\/\\\/r-tileretailflooring.com\\\/wp-content\\\/uploads\\\/2020\\\/04\\\/new-exterior-signage-c-768x1024.jpg\"},{\"@type\":\"BreadcrumbList\",\"@id\":\"https:\\\/\\\/r-tileretailflooring.com\\\/hu\\\/korulbelul\\\/#breadcrumb\",\"itemListElement\":[{\"@type\":\"ListItem\",\"position\":1,\"name\":\"Home\",\"item\":\"https:\\\/\\\/r-tileretailflooring.com\\\/hu\\\/\"},{\"@type\":\"ListItem\",\"position\":2,\"name\":\"K\u00f6r\u00fclbel\u00fcl\"}]},{\"@type\":\"WebSite\",\"@id\":\"https:\\\/\\\/r-tileretailflooring.com\\\/#website\",\"url\":\"https:\\\/\\\/r-tileretailflooring.com\\\/\",\"name\":\"R-Tile Retail Flooring\",\"description\":\"Retail Flooring Specialists\",\"publisher\":{\"@id\":\"https:\\\/\\\/r-tileretailflooring.com\\\/#organization\"},\"potentialAction\":[{\"@type\":\"SearchAction\",\"target\":{\"@type\":\"EntryPoint\",\"urlTemplate\":\"https:\\\/\\\/r-tileretailflooring.com\\\/?s={search_term_string}\"},\"query-input\":{\"@type\":\"PropertyValueSpecification\",\"valueRequired\":true,\"valueName\":\"search_term_string\"}}],\"inLanguage\":\"hu\"},{\"@type\":\"Organization\",\"@id\":\"https:\\\/\\\/r-tileretailflooring.com\\\/#organization\",\"name\":\"R-Tile Retail Flooring\",\"url\":\"https:\\\/\\\/r-tileretailflooring.com\\\/\",\"logo\":{\"@type\":\"ImageObject\",\"inLanguage\":\"hu\",\"@id\":\"https:\\\/\\\/r-tileretailflooring.com\\\/#\\\/schema\\\/logo\\\/image\\\/\",\"url\":\"https:\\\/\\\/r-tileretailflooring.com\\\/wp-content\\\/uploads\\\/2020\\\/04\\\/cropped-R-Tek_Logo-2.png\",\"contentUrl\":\"https:\\\/\\\/r-tileretailflooring.com\\\/wp-content\\\/uploads\\\/2020\\\/04\\\/cropped-R-Tek_Logo-2.png\",\"width\":1198,\"height\":399,\"caption\":\"R-Tile Retail Flooring\"},\"image\":{\"@id\":\"https:\\\/\\\/r-tileretailflooring.com\\\/#\\\/schema\\\/logo\\\/image\\\/\"}}]}<\/script>\n<!-- \/ Yoast SEO plugin. -->","yoast_head_json":{"title":"K\u00f6r\u00fclbel\u00fcl - R-Tile Retail Flooring","description":"Tudjon meg mindent c\u00e9g\u00fcnkr\u0151l \u00e9s arr\u00f3l, hogy mi foglalkozik az els\u0151 sz\u00e1m\u00fa kiskereskedelmi padl\u00f3burkolati megold\u00e1saink gy\u00e1rt\u00e1s\u00e1val, garant\u00e1lt min\u0151s\u00e9ggel.","robots":{"index":"index","follow":"follow","max-snippet":"max-snippet:-1","max-image-preview":"max-image-preview:large","max-video-preview":"max-video-preview:-1"},"canonical":"https:\/\/r-tileretailflooring.com\/hu\/korulbelul\/","og_locale":"hu_HU","og_type":"article","og_title":"K\u00f6r\u00fclbel\u00fcl - R-Tile Retail Flooring","og_description":"Tudjon meg mindent c\u00e9g\u00fcnkr\u0151l \u00e9s arr\u00f3l, hogy mi foglalkozik az els\u0151 sz\u00e1m\u00fa kiskereskedelmi padl\u00f3burkolati megold\u00e1saink gy\u00e1rt\u00e1s\u00e1val, garant\u00e1lt min\u0151s\u00e9ggel.","og_url":"https:\/\/r-tileretailflooring.com\/hu\/korulbelul\/","og_site_name":"R-Tile Retail Flooring","article_modified_time":"2022-10-18T12:32:30+00:00","og_image":[{"url":"https:\/\/r-tileretailflooring.com\/wp-content\/uploads\/2020\/04\/new-exterior-signage-c-768x1024.jpg","type":"","width":"","height":""}],"twitter_card":"summary_large_image","twitter_misc":{"Becs\u00fclt olvas\u00e1si id\u0151":"1 perc"},"schema":{"@context":"https:\/\/schema.org","@graph":[{"@type":"WebPage","@id":"https:\/\/r-tileretailflooring.com\/hu\/korulbelul\/","url":"https:\/\/r-tileretailflooring.com\/hu\/korulbelul\/","name":"K\u00f6r\u00fclbel\u00fcl - R-Tile Retail Flooring","isPartOf":{"@id":"https:\/\/r-tileretailflooring.com\/#website"},"primaryImageOfPage":{"@id":"https:\/\/r-tileretailflooring.com\/hu\/korulbelul\/#primaryimage"},"image":{"@id":"https:\/\/r-tileretailflooring.com\/hu\/korulbelul\/#primaryimage"},"thumbnailUrl":"https:\/\/r-tileretailflooring.com\/wp-content\/uploads\/2020\/04\/new-exterior-signage-c-768x1024.jpg","datePublished":"2022-09-01T14:52:57+00:00","dateModified":"2022-10-18T12:32:30+00:00","description":"Tudjon meg mindent c\u00e9g\u00fcnkr\u0151l \u00e9s arr\u00f3l, hogy mi foglalkozik az els\u0151 sz\u00e1m\u00fa kiskereskedelmi padl\u00f3burkolati megold\u00e1saink gy\u00e1rt\u00e1s\u00e1val, garant\u00e1lt min\u0151s\u00e9ggel.","breadcrumb":{"@id":"https:\/\/r-tileretailflooring.com\/hu\/korulbelul\/#breadcrumb"},"inLanguage":"hu","potentialAction":[{"@type":"ReadAction","target":["https:\/\/r-tileretailflooring.com\/hu\/korulbelul\/"]}]},{"@type":"ImageObject","inLanguage":"hu","@id":"https:\/\/r-tileretailflooring.com\/hu\/korulbelul\/#primaryimage","url":"https:\/\/r-tileretailflooring.com\/wp-content\/uploads\/2020\/04\/new-exterior-signage-c-768x1024.jpg","contentUrl":"https:\/\/r-tileretailflooring.com\/wp-content\/uploads\/2020\/04\/new-exterior-signage-c-768x1024.jpg"},{"@type":"BreadcrumbList","@id":"https:\/\/r-tileretailflooring.com\/hu\/korulbelul\/#breadcrumb","itemListElement":[{"@type":"ListItem","position":1,"name":"Home","item":"https:\/\/r-tileretailflooring.com\/hu\/"},{"@type":"ListItem","position":2,"name":"K\u00f6r\u00fclbel\u00fcl"}]},{"@type":"WebSite","@id":"https:\/\/r-tileretailflooring.com\/#website","url":"https:\/\/r-tileretailflooring.com\/","name":"R-Tile Retail Flooring","description":"Retail Flooring Specialists","publisher":{"@id":"https:\/\/r-tileretailflooring.com\/#organization"},"potentialAction":[{"@type":"SearchAction","target":{"@type":"EntryPoint","urlTemplate":"https:\/\/r-tileretailflooring.com\/?s={search_term_string}"},"query-input":{"@type":"PropertyValueSpecification","valueRequired":true,"valueName":"search_term_string"}}],"inLanguage":"hu"},{"@type":"Organization","@id":"https:\/\/r-tileretailflooring.com\/#organization","name":"R-Tile Retail Flooring","url":"https:\/\/r-tileretailflooring.com\/","logo":{"@type":"ImageObject","inLanguage":"hu","@id":"https:\/\/r-tileretailflooring.com\/#\/schema\/logo\/image\/","url":"https:\/\/r-tileretailflooring.com\/wp-content\/uploads\/2020\/04\/cropped-R-Tek_Logo-2.png","contentUrl":"https:\/\/r-tileretailflooring.com\/wp-content\/uploads\/2020\/04\/cropped-R-Tek_Logo-2.png","width":1198,"height":399,"caption":"R-Tile Retail Flooring"},"image":{"@id":"https:\/\/r-tileretailflooring.com\/#\/schema\/logo\/image\/"}}]}},"uagb_featured_image_src":{"full":false,"thumbnail":false,"medium":false,"medium_large":false,"large":false,"1536x1536":false,"2048x2048":false},"uagb_author_info":{"display_name":"Conor Lamph","author_link":"https:\/\/r-tileretailflooring.com\/hu\/author\/conor-lamph\/"},"uagb_comment_info":0,"uagb_excerpt":"Mit\u0151l olyan egyedi a kiskereskedelmi padl\u00f3nk? N\u00e9zze meg a vide\u00f3t, ha t\u00f6bbet szeretne megtudni?","_links":{"self":[{"href":"https:\/\/r-tileretailflooring.com\/hu\/wp-json\/wp\/v2\/pages\/34162","targetHints":{"allow":["GET"]}}],"collection":[{"href":"https:\/\/r-tileretailflooring.com\/hu\/wp-json\/wp\/v2\/pages"}],"about":[{"href":"https:\/\/r-tileretailflooring.com\/hu\/wp-json\/wp\/v2\/types\/page"}],"author":[{"embeddable":true,"href":"https:\/\/r-tileretailflooring.com\/hu\/wp-json\/wp\/v2\/users\/2"}],"replies":[{"embeddable":true,"href":"https:\/\/r-tileretailflooring.com\/hu\/wp-json\/wp\/v2\/comments?post=34162"}],"version-history":[{"count":3,"href":"https:\/\/r-tileretailflooring.com\/hu\/wp-json\/wp\/v2\/pages\/34162\/revisions"}],"predecessor-version":[{"id":34186,"href":"https:\/\/r-tileretailflooring.com\/hu\/wp-json\/wp\/v2\/pages\/34162\/revisions\/34186"}],"wp:attachment":[{"href":"https:\/\/r-tileretailflooring.com\/hu\/wp-json\/wp\/v2\/media?parent=34162"}],"curies":[{"name":"wp","href":"https:\/\/api.w.org\/{rel}","templated":true}]}}