{"id":29469,"date":"2020-11-16T14:59:09","date_gmt":"2020-11-16T14:59:09","guid":{"rendered":"https:\/\/r-tileretailflooring.com\/o-nas\/"},"modified":"2020-11-16T14:59:11","modified_gmt":"2020-11-16T14:59:11","slug":"o-nas","status":"publish","type":"page","link":"https:\/\/r-tileretailflooring.com\/pl\/o-nas\/","title":{"rendered":"O nas"},"content":{"rendered":"\n<section class=\"wp-block-uagb-columns uagb-columns__wrap uagb-columns__background-image uagb-columns__stack-mobile uagb-columns__valign-undefined uagb-columns__gap-10 alignundefined uagb-block-ea721fbc-0a79-45d8-9f66-991a1fdaccc6\"><div class=\"uagb-columns__overlay\"><\/div><div class=\"uagb-columns__inner-wrap uagb-columns__columns-3\">\n<div class=\"wp-block-uagb-column uagb-column__wrap uagb-column__background-undefined uagb-block-0907f94f-1a5b-4173-af77-f8868af2bdda\"><div class=\"uagb-column__overlay\"><\/div><div class=\"uagb-column__inner-wrap\">\n<p><\/p>\n<\/div><\/div>\n\n\n\n<div class=\"wp-block-uagb-column uagb-column__wrap uagb-column__background-undefined uagb-block-846e59b6-7435-4fe5-abff-40622f1160c6\"><div class=\"uagb-column__overlay\"><\/div><div class=\"uagb-column__inner-wrap\">\n<div class=\"wp-block-uagb-info-box uagb-infobox__outer-wrap uagb-block-8c48b145-769a-40cd-9cf5-f7c1dadbd891\"><div class=\"uagb-infobox__content-wrap uagb-infobox uagb-infobox-has-icon uagb-infobox-icon-above-title uagb-infobox-image-valign-top uagb-infobox-enable-border-radius \"><div class=\"uagb-ifb-left-right-wrap\"><div class=\"uagb-ifb-content\"><div class=\"uagb-ifb-title-wrap\"><h1 class=\"uagb-ifb-title\"> O nas <\/h1><\/div><div class=\"uagb-ifb-text-wrap\"><p class=\"uagb-ifb-desc\">Poznaj nasz\u0105 firm\u0119 i co czyni nas wyj\u0105tkowymi<\/p><\/div><\/div><\/div><\/div><\/div>\n<\/div><\/div>\n\n\n\n<div class=\"wp-block-uagb-column uagb-column__wrap uagb-column__background-undefined uagb-block-85544def-886a-4c42-a629-f9b9296480a6\"><div class=\"uagb-column__overlay\"><\/div><div class=\"uagb-column__inner-wrap\"><\/div><\/div>\n<\/div><\/section>\n\n<section class=\"wp-block-uagb-columns uagb-columns__wrap uagb-columns__background-undefined uagb-columns__stack-mobile uagb-columns__valign-undefined uagb-columns__gap-30 alignundefined uagb-block-d1785062-cc69-4814-aa1c-9797cd3aa42a\"><div class=\"uagb-columns__overlay\"><\/div><div class=\"uagb-columns__inner-wrap uagb-columns__columns-2\">\n<div class=\"wp-block-uagb-column uagb-column__wrap uagb-column__background-undefined uagb-block-e6a730eb-1074-489a-a4b2-7723de8b6812\"><div class=\"uagb-column__overlay\"><\/div><div class=\"uagb-column__inner-wrap\">\n<figure class=\"wp-block-image size-large\"><img loading=\"lazy\" decoding=\"async\" width=\"768\" height=\"1024\" src=\"https:\/\/r-tileretailflooring.com\/wp-content\/uploads\/2020\/04\/new-exterior-signage-c-768x1024.jpg\" alt=\"\" class=\"wp-image-29476\" srcset=\"https:\/\/r-tileretailflooring.com\/wp-content\/uploads\/2020\/04\/new-exterior-signage-c-768x1024.jpg 768w, https:\/\/r-tileretailflooring.com\/wp-content\/uploads\/2020\/04\/new-exterior-signage-c-225x300.jpg 225w, https:\/\/r-tileretailflooring.com\/wp-content\/uploads\/2020\/04\/new-exterior-signage-c.jpg 1000w\" sizes=\"auto, (max-width: 768px) 100vw, 768px\" \/><\/figure>\n\n\n<p><\/p>\n<\/div><\/div>\n\n\n\n<div class=\"wp-block-uagb-column uagb-column__wrap uagb-column__background-color uagb-block-4ed21cde-43c7-4dd6-85ac-6a39c0b2e0e8\"><div class=\"uagb-column__overlay\"><\/div><div class=\"uagb-column__inner-wrap\">\n<div class=\"wp-block-uagb-info-box uagb-infobox__outer-wrap uagb-block-9fbab628-cb54-48c3-9710-976d786e20fc\"><div class=\"uagb-infobox__content-wrap uagb-infobox uagb-infobox-has-icon uagb-infobox-icon-above-title uagb-infobox-image-valign-top uagb-infobox-enable-border-radius \"><div class=\"uagb-ifb-left-right-wrap\"><div class=\"uagb-ifb-content\"><div class=\"uagb-ifb-title-wrap\"><h2 class=\"uagb-ifb-title\">Nasza historia <\/h2><\/div><div class=\"uagb-ifb-text-wrap\"><p class=\"uagb-ifb-desc\">R-Tek produkuje p\u0142yty R-Tile z wykorzystaniem 12 najnowocze\u015bniejszych maszyn i dzia\u0142a 24 godziny na dob\u0119, 5 dni w tygodniu.<br\/><br\/>Wszystkie materia\u0142y wykorzystane do produkcji asortymentu p\u0142ytek R-Tile s\u0105 zgodne z REACH <br\/><br\/>Seria p\u0142ytek R-Tile jest oceniana jako A+ zgodnie ze standardami BREEM. <br\/><br\/>R-Tek dzia\u0142a r\u00f3wnie\u017c \u015bci\u015ble zgodnie z normami \u015brodowiskowymi ISO 14001-2004, zgodnie z kt\u00f3rymi wszystkie odpady s\u0105 w 100% poddane recyklingowi i obejmuj\u0105 wszystkie p\u0142ytki odrzucane itp., kt\u00f3re s\u0105 granulowane i ponownie przetworzone w celu wytworzenia nowych czarnych p\u0142ytek.<\/p><\/div><\/div><\/div><\/div><\/div>\n\n\n\n<p><\/p>\n<\/div><\/div>\n<\/div><\/section>\n\n<section class=\"wp-block-uagb-columns uagb-columns__wrap uagb-columns__background-undefined uagb-columns__stack-mobile uagb-columns__valign-undefined uagb-columns__gap-10 alignundefined uagb-block-88216a2a-89ea-4ee6-b3b4-8811b3413384\"><div class=\"uagb-columns__overlay\"><\/div><div class=\"uagb-columns__inner-wrap uagb-columns__columns-2\">\n<div class=\"wp-block-uagb-column uagb-column__wrap uagb-column__background-undefined uagb-block-b8027b2d-ae7b-42d0-9a56-a0114d72bb1d\"><div class=\"uagb-column__overlay\"><\/div><div class=\"uagb-column__inner-wrap\">\n<p>Poznaj R-Tek, w nasz\u0105 fabryk\u0119 i proces produkcyjny w naszym wideo<\/p>\n<\/div><\/div>\n\n\n\n<div class=\"wp-block-uagb-column uagb-column__wrap uagb-column__background-undefined uagb-block-0a44ea6c-9667-472f-9f1a-93a98fde58cc\"><div class=\"uagb-column__overlay\"><\/div><div class=\"uagb-column__inner-wrap\">\n<figure class=\"wp-block-embed-youtube wp-block-embed is-type-video is-provider-youtube wp-embed-aspect-16-9 wp-has-aspect-ratio\"><div class=\"wp-block-embed__wrapper\">\n<iframe loading=\"lazy\" title=\"R-Tile Design Collection floor cleaning guide - English\" width=\"500\" height=\"281\" src=\"https:\/\/www.youtube.com\/embed\/Dey9882h0ok?feature=oembed\" frameborder=\"0\" allow=\"accelerometer; autoplay; clipboard-write; encrypted-media; gyroscope; picture-in-picture; web-share\" referrerpolicy=\"strict-origin-when-cross-origin\" allowfullscreen><\/iframe>\n<\/div><\/figure><\/div><\/div>\n<\/div><\/section>\n\n<section class=\"wp-block-uagb-columns uagb-columns__wrap uagb-columns__background-undefined uagb-columns__stack-mobile uagb-columns__valign-undefined uagb-columns__gap-30 alignundefined uagb-block-0437f9ab-3212-4f78-bddb-29d8a5e7f0d4\"><div class=\"uagb-columns__overlay\"><\/div><div class=\"uagb-columns__inner-wrap uagb-columns__columns-2\">\n<div class=\"wp-block-uagb-column uagb-column__wrap uagb-column__background-color uagb-block-430c6533-6a0e-48da-a25d-35ea0e521622\"><div class=\"uagb-column__overlay\"><\/div><div class=\"uagb-column__inner-wrap\">\n<figure class=\"wp-block-image size-large\"><img loading=\"lazy\" decoding=\"async\" width=\"675\" height=\"900\" src=\"https:\/\/r-tileretailflooring.com\/wp-content\/uploads\/2020\/04\/retail-flooring-deli-counter.jpg\" alt=\"\" class=\"wp-image-29316\" srcset=\"https:\/\/r-tileretailflooring.com\/wp-content\/uploads\/2020\/04\/retail-flooring-deli-counter.jpg 675w, https:\/\/r-tileretailflooring.com\/wp-content\/uploads\/2020\/04\/retail-flooring-deli-counter-225x300.jpg 225w\" sizes=\"auto, (max-width: 675px) 100vw, 675px\" \/><\/figure>\n\n\n<p><\/p>\n<\/div><\/div>\n\n\n\n<div class=\"wp-block-uagb-column uagb-column__wrap uagb-column__background-color uagb-block-90397b25-a81e-46a0-a5d8-332ca2c6bf42\"><div class=\"uagb-column__overlay\"><\/div><div class=\"uagb-column__inner-wrap\">\n<div class=\"wp-block-uagb-info-box uagb-infobox__outer-wrap uagb-block-2278238c-8b67-4178-8ddc-b17c697cac14\"><div class=\"uagb-infobox__content-wrap uagb-infobox uagb-infobox-has-icon uagb-infobox-icon-above-title uagb-infobox-image-valign-top uagb-infobox-enable-border-radius \"><div class=\"uagb-ifb-left-right-wrap\"><div class=\"uagb-ifb-content\"><div class=\"uagb-ifb-title-wrap\"><h2 class=\"uagb-ifb-title\">Badania i rozw\u00f3j <\/h2><\/div><div class=\"uagb-ifb-text-wrap\"><p class=\"uagb-ifb-desc\">Firma R-Tek specjalizuje si\u0119 nie tylko w produkcji produkt\u00f3w R-Tile, ale ma r\u00f3wnie\u017c silny zesp\u00f3\u0142 badawczo-rozwojowy, kt\u00f3ry opracowa\u0142 szereg innowacyjnych nowych produkt\u00f3w. <br\/><br\/>Nale\u017c\u0105 do firmy nowoczesne i bardziej wytrzyma\u0142e zamki p\u0142yt kt\u00f3rych jest liderem na rynku, a ostatnio opatentowane p\u0142ytki Design, kt\u00f3re s\u0105 rewolucyjnym nowym produktem na rynku.<\/p><\/div><\/div><\/div><\/div><\/div>\n\n\n\n<p><\/p>\n<\/div><\/div>\n<\/div><\/section>\n","protected":false},"excerpt":{"rendered":"<p>Poznaj R-Tek, w nasz\u0105 fabryk\u0119 i proces produkcyjny w naszym wideo<\/p>\n","protected":false},"author":2,"featured_media":0,"parent":0,"menu_order":0,"comment_status":"closed","ping_status":"closed","template":"","meta":{"_uag_custom_page_level_css":"","site-sidebar-layout":"no-sidebar","site-content-layout":"page-builder","ast-site-content-layout":"default","site-content-style":"default","site-sidebar-style":"default","ast-global-header-display":"","ast-banner-title-visibility":"","ast-main-header-display":"","ast-hfb-above-header-display":"","ast-hfb-below-header-display":"","ast-hfb-mobile-header-display":"","site-post-title":"disabled","ast-breadcrumbs-content":"","ast-featured-img":"disabled","footer-sml-layout":"","ast-disable-related-posts":"","theme-transparent-header-meta":"enabled","adv-header-id-meta":"","stick-header-meta":"","header-above-stick-meta":"","header-main-stick-meta":"","header-below-stick-meta":"","astra-migrate-meta-layouts":"default","ast-page-background-enabled":"default","ast-page-background-meta":{"desktop":{"background-color":"","background-image":"","background-repeat":"repeat","background-position":"center center","background-size":"auto","background-attachment":"scroll","background-type":"","background-media":"","overlay-type":"","overlay-color":"","overlay-opacity":"","overlay-gradient":""},"tablet":{"background-color":"","background-image":"","background-repeat":"repeat","background-position":"center center","background-size":"auto","background-attachment":"scroll","background-type":"","background-media":"","overlay-type":"","overlay-color":"","overlay-opacity":"","overlay-gradient":""},"mobile":{"background-color":"","background-image":"","background-repeat":"repeat","background-position":"center center","background-size":"auto","background-attachment":"scroll","background-type":"","background-media":"","overlay-type":"","overlay-color":"","overlay-opacity":"","overlay-gradient":""}},"ast-content-background-meta":{"desktop":{"background-color":"var(--ast-global-color-5)","background-image":"","background-repeat":"repeat","background-position":"center center","background-size":"auto","background-attachment":"scroll","background-type":"","background-media":"","overlay-type":"","overlay-color":"","overlay-opacity":"","overlay-gradient":""},"tablet":{"background-color":"var(--ast-global-color-5)","background-image":"","background-repeat":"repeat","background-position":"center center","background-size":"auto","background-attachment":"scroll","background-type":"","background-media":"","overlay-type":"","overlay-color":"","overlay-opacity":"","overlay-gradient":""},"mobile":{"background-color":"var(--ast-global-color-5)","background-image":"","background-repeat":"repeat","background-position":"center center","background-size":"auto","background-attachment":"scroll","background-type":"","background-media":"","overlay-type":"","overlay-color":"","overlay-opacity":"","overlay-gradient":""}},"footnotes":""},"class_list":["post-29469","page","type-page","status-publish","hentry"],"yoast_head":"<!-- This site is optimized with the Yoast SEO plugin v27.4 - https:\/\/yoast.com\/product\/yoast-seo-wordpress\/ -->\n<title>O nas - R-Tile Retail Flooring<\/title>\n<meta name=\"description\" content=\"Dowiedz si\u0119 wszystkiego o naszej firmie i o tym, co jest zwi\u0105zane z produkcj\u0105 naszych najlepszych rozwi\u0105za\u0144 w zakresie pod\u0142\u00f3g sklepowych z gwarantowan\u0105 jako\u015bci\u0105.\" \/>\n<meta name=\"robots\" content=\"index, follow, max-snippet:-1, max-image-preview:large, max-video-preview:-1\" \/>\n<link rel=\"canonical\" href=\"https:\/\/r-tileretailflooring.com\/pl\/o-nas\/\" \/>\n<meta property=\"og:locale\" content=\"pl_PL\" \/>\n<meta property=\"og:type\" content=\"article\" \/>\n<meta property=\"og:title\" content=\"O nas - R-Tile Retail Flooring\" \/>\n<meta property=\"og:description\" content=\"Dowiedz si\u0119 wszystkiego o naszej firmie i o tym, co jest zwi\u0105zane z produkcj\u0105 naszych najlepszych rozwi\u0105za\u0144 w zakresie pod\u0142\u00f3g sklepowych z gwarantowan\u0105 jako\u015bci\u0105.\" \/>\n<meta property=\"og:url\" content=\"https:\/\/r-tileretailflooring.com\/pl\/o-nas\/\" \/>\n<meta property=\"og:site_name\" content=\"R-Tile Retail Flooring\" \/>\n<meta property=\"article:modified_time\" content=\"2020-11-16T14:59:11+00:00\" \/>\n<meta property=\"og:image\" content=\"https:\/\/r-tileretailflooring.com\/wp-content\/uploads\/2020\/04\/new-exterior-signage-c-768x1024.jpg\" \/>\n<meta name=\"twitter:card\" content=\"summary_large_image\" \/>\n<meta name=\"twitter:label1\" content=\"Szacowany czas czytania\" \/>\n\t<meta name=\"twitter:data1\" content=\"1 minuta\" \/>\n<script type=\"application\/ld+json\" class=\"yoast-schema-graph\">{\"@context\":\"https:\\\/\\\/schema.org\",\"@graph\":[{\"@type\":\"WebPage\",\"@id\":\"https:\\\/\\\/r-tileretailflooring.com\\\/pl\\\/o-nas\\\/\",\"url\":\"https:\\\/\\\/r-tileretailflooring.com\\\/pl\\\/o-nas\\\/\",\"name\":\"O nas - R-Tile Retail Flooring\",\"isPartOf\":{\"@id\":\"https:\\\/\\\/r-tileretailflooring.com\\\/#website\"},\"primaryImageOfPage\":{\"@id\":\"https:\\\/\\\/r-tileretailflooring.com\\\/pl\\\/o-nas\\\/#primaryimage\"},\"image\":{\"@id\":\"https:\\\/\\\/r-tileretailflooring.com\\\/pl\\\/o-nas\\\/#primaryimage\"},\"thumbnailUrl\":\"https:\\\/\\\/r-tileretailflooring.com\\\/wp-content\\\/uploads\\\/2020\\\/04\\\/new-exterior-signage-c-768x1024.jpg\",\"datePublished\":\"2020-11-16T14:59:09+00:00\",\"dateModified\":\"2020-11-16T14:59:11+00:00\",\"description\":\"Dowiedz si\u0119 wszystkiego o naszej firmie i o tym, co jest zwi\u0105zane z produkcj\u0105 naszych najlepszych rozwi\u0105za\u0144 w zakresie pod\u0142\u00f3g sklepowych z gwarantowan\u0105 jako\u015bci\u0105.\",\"breadcrumb\":{\"@id\":\"https:\\\/\\\/r-tileretailflooring.com\\\/pl\\\/o-nas\\\/#breadcrumb\"},\"inLanguage\":\"pl-PL\",\"potentialAction\":[{\"@type\":\"ReadAction\",\"target\":[\"https:\\\/\\\/r-tileretailflooring.com\\\/pl\\\/o-nas\\\/\"]}]},{\"@type\":\"ImageObject\",\"inLanguage\":\"pl-PL\",\"@id\":\"https:\\\/\\\/r-tileretailflooring.com\\\/pl\\\/o-nas\\\/#primaryimage\",\"url\":\"https:\\\/\\\/r-tileretailflooring.com\\\/wp-content\\\/uploads\\\/2020\\\/04\\\/new-exterior-signage-c-768x1024.jpg\",\"contentUrl\":\"https:\\\/\\\/r-tileretailflooring.com\\\/wp-content\\\/uploads\\\/2020\\\/04\\\/new-exterior-signage-c-768x1024.jpg\"},{\"@type\":\"BreadcrumbList\",\"@id\":\"https:\\\/\\\/r-tileretailflooring.com\\\/pl\\\/o-nas\\\/#breadcrumb\",\"itemListElement\":[{\"@type\":\"ListItem\",\"position\":1,\"name\":\"Home\",\"item\":\"https:\\\/\\\/r-tileretailflooring.com\\\/pl\\\/\"},{\"@type\":\"ListItem\",\"position\":2,\"name\":\"O nas\"}]},{\"@type\":\"WebSite\",\"@id\":\"https:\\\/\\\/r-tileretailflooring.com\\\/#website\",\"url\":\"https:\\\/\\\/r-tileretailflooring.com\\\/\",\"name\":\"R-Tile Retail Flooring\",\"description\":\"Retail Flooring Specialists\",\"publisher\":{\"@id\":\"https:\\\/\\\/r-tileretailflooring.com\\\/#organization\"},\"potentialAction\":[{\"@type\":\"SearchAction\",\"target\":{\"@type\":\"EntryPoint\",\"urlTemplate\":\"https:\\\/\\\/r-tileretailflooring.com\\\/?s={search_term_string}\"},\"query-input\":{\"@type\":\"PropertyValueSpecification\",\"valueRequired\":true,\"valueName\":\"search_term_string\"}}],\"inLanguage\":\"pl-PL\"},{\"@type\":\"Organization\",\"@id\":\"https:\\\/\\\/r-tileretailflooring.com\\\/#organization\",\"name\":\"R-Tile Retail Flooring\",\"url\":\"https:\\\/\\\/r-tileretailflooring.com\\\/\",\"logo\":{\"@type\":\"ImageObject\",\"inLanguage\":\"pl-PL\",\"@id\":\"https:\\\/\\\/r-tileretailflooring.com\\\/#\\\/schema\\\/logo\\\/image\\\/\",\"url\":\"https:\\\/\\\/r-tileretailflooring.com\\\/wp-content\\\/uploads\\\/2020\\\/04\\\/cropped-R-Tek_Logo-2.png\",\"contentUrl\":\"https:\\\/\\\/r-tileretailflooring.com\\\/wp-content\\\/uploads\\\/2020\\\/04\\\/cropped-R-Tek_Logo-2.png\",\"width\":1198,\"height\":399,\"caption\":\"R-Tile Retail Flooring\"},\"image\":{\"@id\":\"https:\\\/\\\/r-tileretailflooring.com\\\/#\\\/schema\\\/logo\\\/image\\\/\"}}]}<\/script>\n<!-- \/ Yoast SEO plugin. -->","yoast_head_json":{"title":"O nas - R-Tile Retail Flooring","description":"Dowiedz si\u0119 wszystkiego o naszej firmie i o tym, co jest zwi\u0105zane z produkcj\u0105 naszych najlepszych rozwi\u0105za\u0144 w zakresie pod\u0142\u00f3g sklepowych z gwarantowan\u0105 jako\u015bci\u0105.","robots":{"index":"index","follow":"follow","max-snippet":"max-snippet:-1","max-image-preview":"max-image-preview:large","max-video-preview":"max-video-preview:-1"},"canonical":"https:\/\/r-tileretailflooring.com\/pl\/o-nas\/","og_locale":"pl_PL","og_type":"article","og_title":"O nas - R-Tile Retail Flooring","og_description":"Dowiedz si\u0119 wszystkiego o naszej firmie i o tym, co jest zwi\u0105zane z produkcj\u0105 naszych najlepszych rozwi\u0105za\u0144 w zakresie pod\u0142\u00f3g sklepowych z gwarantowan\u0105 jako\u015bci\u0105.","og_url":"https:\/\/r-tileretailflooring.com\/pl\/o-nas\/","og_site_name":"R-Tile Retail Flooring","article_modified_time":"2020-11-16T14:59:11+00:00","og_image":[{"url":"https:\/\/r-tileretailflooring.com\/wp-content\/uploads\/2020\/04\/new-exterior-signage-c-768x1024.jpg","type":"","width":"","height":""}],"twitter_card":"summary_large_image","twitter_misc":{"Szacowany czas czytania":"1 minuta"},"schema":{"@context":"https:\/\/schema.org","@graph":[{"@type":"WebPage","@id":"https:\/\/r-tileretailflooring.com\/pl\/o-nas\/","url":"https:\/\/r-tileretailflooring.com\/pl\/o-nas\/","name":"O nas - R-Tile Retail Flooring","isPartOf":{"@id":"https:\/\/r-tileretailflooring.com\/#website"},"primaryImageOfPage":{"@id":"https:\/\/r-tileretailflooring.com\/pl\/o-nas\/#primaryimage"},"image":{"@id":"https:\/\/r-tileretailflooring.com\/pl\/o-nas\/#primaryimage"},"thumbnailUrl":"https:\/\/r-tileretailflooring.com\/wp-content\/uploads\/2020\/04\/new-exterior-signage-c-768x1024.jpg","datePublished":"2020-11-16T14:59:09+00:00","dateModified":"2020-11-16T14:59:11+00:00","description":"Dowiedz si\u0119 wszystkiego o naszej firmie i o tym, co jest zwi\u0105zane z produkcj\u0105 naszych najlepszych rozwi\u0105za\u0144 w zakresie pod\u0142\u00f3g sklepowych z gwarantowan\u0105 jako\u015bci\u0105.","breadcrumb":{"@id":"https:\/\/r-tileretailflooring.com\/pl\/o-nas\/#breadcrumb"},"inLanguage":"pl-PL","potentialAction":[{"@type":"ReadAction","target":["https:\/\/r-tileretailflooring.com\/pl\/o-nas\/"]}]},{"@type":"ImageObject","inLanguage":"pl-PL","@id":"https:\/\/r-tileretailflooring.com\/pl\/o-nas\/#primaryimage","url":"https:\/\/r-tileretailflooring.com\/wp-content\/uploads\/2020\/04\/new-exterior-signage-c-768x1024.jpg","contentUrl":"https:\/\/r-tileretailflooring.com\/wp-content\/uploads\/2020\/04\/new-exterior-signage-c-768x1024.jpg"},{"@type":"BreadcrumbList","@id":"https:\/\/r-tileretailflooring.com\/pl\/o-nas\/#breadcrumb","itemListElement":[{"@type":"ListItem","position":1,"name":"Home","item":"https:\/\/r-tileretailflooring.com\/pl\/"},{"@type":"ListItem","position":2,"name":"O nas"}]},{"@type":"WebSite","@id":"https:\/\/r-tileretailflooring.com\/#website","url":"https:\/\/r-tileretailflooring.com\/","name":"R-Tile Retail Flooring","description":"Retail Flooring Specialists","publisher":{"@id":"https:\/\/r-tileretailflooring.com\/#organization"},"potentialAction":[{"@type":"SearchAction","target":{"@type":"EntryPoint","urlTemplate":"https:\/\/r-tileretailflooring.com\/?s={search_term_string}"},"query-input":{"@type":"PropertyValueSpecification","valueRequired":true,"valueName":"search_term_string"}}],"inLanguage":"pl-PL"},{"@type":"Organization","@id":"https:\/\/r-tileretailflooring.com\/#organization","name":"R-Tile Retail Flooring","url":"https:\/\/r-tileretailflooring.com\/","logo":{"@type":"ImageObject","inLanguage":"pl-PL","@id":"https:\/\/r-tileretailflooring.com\/#\/schema\/logo\/image\/","url":"https:\/\/r-tileretailflooring.com\/wp-content\/uploads\/2020\/04\/cropped-R-Tek_Logo-2.png","contentUrl":"https:\/\/r-tileretailflooring.com\/wp-content\/uploads\/2020\/04\/cropped-R-Tek_Logo-2.png","width":1198,"height":399,"caption":"R-Tile Retail Flooring"},"image":{"@id":"https:\/\/r-tileretailflooring.com\/#\/schema\/logo\/image\/"}}]}},"uagb_featured_image_src":{"full":false,"thumbnail":false,"medium":false,"medium_large":false,"large":false,"1536x1536":false,"2048x2048":false},"uagb_author_info":{"display_name":"Conor Lamph","author_link":"https:\/\/r-tileretailflooring.com\/pl\/author\/conor-lamph\/"},"uagb_comment_info":0,"uagb_excerpt":"Poznaj R-Tek, w nasz\u0105 fabryk\u0119 i proces produkcyjny w naszym wideo","_links":{"self":[{"href":"https:\/\/r-tileretailflooring.com\/pl\/wp-json\/wp\/v2\/pages\/29469","targetHints":{"allow":["GET"]}}],"collection":[{"href":"https:\/\/r-tileretailflooring.com\/pl\/wp-json\/wp\/v2\/pages"}],"about":[{"href":"https:\/\/r-tileretailflooring.com\/pl\/wp-json\/wp\/v2\/types\/page"}],"author":[{"embeddable":true,"href":"https:\/\/r-tileretailflooring.com\/pl\/wp-json\/wp\/v2\/users\/2"}],"replies":[{"embeddable":true,"href":"https:\/\/r-tileretailflooring.com\/pl\/wp-json\/wp\/v2\/comments?post=29469"}],"version-history":[{"count":5,"href":"https:\/\/r-tileretailflooring.com\/pl\/wp-json\/wp\/v2\/pages\/29469\/revisions"}],"predecessor-version":[{"id":29522,"href":"https:\/\/r-tileretailflooring.com\/pl\/wp-json\/wp\/v2\/pages\/29469\/revisions\/29522"}],"wp:attachment":[{"href":"https:\/\/r-tileretailflooring.com\/pl\/wp-json\/wp\/v2\/media?parent=29469"}],"curies":[{"name":"wp","href":"https:\/\/api.w.org\/{rel}","templated":true}]}}