{"id":33654,"date":"2022-02-03T09:29:18","date_gmt":"2022-02-03T09:29:18","guid":{"rendered":"https:\/\/r-tileretailflooring.com\/videos\/"},"modified":"2022-02-03T09:29:18","modified_gmt":"2022-02-03T09:29:18","slug":"videos","status":"publish","type":"page","link":"https:\/\/r-tileretailflooring.com\/pt-pt\/videos\/","title":{"rendered":"V\u00eddeos"},"content":{"rendered":"\n<section class=\"wp-block-uagb-columns uagb-columns__wrap uagb-columns__background-image uagb-columns__stack-mobile uagb-columns__valign-undefined uagb-columns__gap-10 alignundefined uagb-block-646a0d19-a057-43d6-8df5-0b2b7b263945\"><div class=\"uagb-columns__overlay\"><\/div><div class=\"uagb-columns__inner-wrap uagb-columns__columns-3\">\n<div class=\"wp-block-uagb-column uagb-column__wrap uagb-column__background-undefined uagb-block-49d4ca2f-6366-483d-8ca7-2acbb7d0f744\"><div class=\"uagb-column__overlay\"><\/div><div class=\"uagb-column__inner-wrap\">\n<p><\/p>\n<\/div><\/div>\n\n\n\n<div class=\"wp-block-uagb-column uagb-column__wrap uagb-column__background-undefined uagb-block-2a40a793-8690-4088-83cf-d2a63d1abffd\"><div class=\"uagb-column__overlay\"><\/div><div class=\"uagb-column__inner-wrap\">\n<div class=\"wp-block-uagb-info-box uagb-infobox__outer-wrap uagb-block-94f50097-d3d1-4630-9c95-c8fcf99de716\"><div class=\"uagb-infobox__content-wrap uagb-infobox uagb-infobox-has-icon uagb-infobox-icon-above-title uagb-infobox-image-valign-top uagb-infobox-enable-border-radius \"><div class=\"uagb-ifb-left-right-wrap\"><div class=\"uagb-ifb-content\"><div class=\"uagb-ifb-title-wrap\"><h1 class=\"uagb-ifb-title\"> V\u00eddeos <\/h1><\/div><div class=\"uagb-ifb-text-wrap\"><p class=\"uagb-ifb-desc\">Veja os nossos v\u00eddeos com tudo, desde mostrar o produto para instalar o produto<\/p><\/div><\/div><\/div><\/div><\/div>\n<\/div><\/div>\n\n\n\n<div class=\"wp-block-uagb-column uagb-column__wrap uagb-column__background-undefined uagb-block-0aa9db9b-c46e-4672-8cb1-542c6ac65a1c\"><div class=\"uagb-column__overlay\"><\/div><div class=\"uagb-column__inner-wrap\"><\/div><\/div>\n<\/div><\/section>\n\n<section class=\"wp-block-uagb-columns uagb-columns__wrap uagb-columns__background-undefined uagb-columns__stack-mobile uagb-columns__valign-undefined uagb-columns__gap-30 alignundefined uagb-block-d58ac4a7-444e-4cda-bbd9-48b70eac632d\"><div class=\"uagb-columns__overlay\"><\/div><div class=\"uagb-columns__inner-wrap uagb-columns__columns-2\">\n<div class=\"wp-block-uagb-column uagb-column__wrap uagb-column__background-color uagb-block-f13a06d1-13d7-4223-9b1a-29fc0975db6a\"><div class=\"uagb-column__overlay\"><\/div><div class=\"uagb-column__inner-wrap\">\n<figure class=\"wp-block-embed-youtube wp-block-embed is-type-video is-provider-youtube wp-embed-aspect-16-9 wp-has-aspect-ratio\"><div class=\"wp-block-embed__wrapper\">\n<iframe loading=\"lazy\" title=\"R-Tile commercial fooring (Design Collection) install - Time lapse\" width=\"500\" height=\"281\" src=\"https:\/\/www.youtube.com\/embed\/X1FKOyWmX_I?feature=oembed\" frameborder=\"0\" allow=\"accelerometer; autoplay; clipboard-write; encrypted-media; gyroscope; picture-in-picture; web-share\" referrerpolicy=\"strict-origin-when-cross-origin\" allowfullscreen><\/iframe>\n<\/div><\/figure><\/div><\/div>\n\n\n\n<div class=\"wp-block-uagb-column uagb-column__wrap uagb-column__background-color uagb-block-8112492b-dd9a-4e54-9e30-8977b32e69d9\"><div class=\"uagb-column__overlay\"><\/div><div class=\"uagb-column__inner-wrap\">\n<div class=\"wp-block-uagb-info-box uagb-infobox__outer-wrap uagb-block-04a78459-ec2d-496b-9001-79bc92642af0\"><div class=\"uagb-infobox__content-wrap uagb-infobox uagb-infobox-has-icon uagb-infobox-icon-above-title uagb-infobox-image-valign-top uagb-infobox-enable-border-radius \"><div class=\"uagb-ifb-left-right-wrap\"><div class=\"uagb-ifb-content\"><div class=\"uagb-ifb-title-wrap\"><h2 class=\"uagb-ifb-title\">Qu\u00e3o rapidamente o Design Tile pode ser instalado? <\/h2><\/div><div class=\"uagb-ifb-text-wrap\"><p class=\"uagb-ifb-desc\">Veja este v\u00eddeo que mostra mais de 50M2 a ser instalado em menos de 2 horas.<\/p><\/div><\/div><\/div><\/div><\/div>\n\n\n\n<p><\/p>\n<\/div><\/div>\n<\/div><\/section>\n\n<section class=\"wp-block-uagb-columns uagb-columns__wrap uagb-columns__background-undefined uagb-columns__stack-mobile uagb-columns__valign-undefined uagb-columns__gap-30 alignundefined uagb-block-ff4f8d7a-7dcf-4e71-a082-e30dd6435cd8\"><div class=\"uagb-columns__overlay\"><\/div><div class=\"uagb-columns__inner-wrap uagb-columns__columns-3\">\n<div class=\"wp-block-uagb-column uagb-column__wrap uagb-column__background-color uagb-block-e6d5d268-c057-484d-bc06-643dd007e6a1\"><div class=\"uagb-column__overlay\"><\/div><div class=\"uagb-column__inner-wrap\">\n<div class=\"wp-block-uagb-advanced-heading uagb-block-6c67dcc8-73f7-4619-b9ce-9b7dd3a04a89\"><h2 class=\"uagb-heading-text\">A Cole\u00e7\u00e3o de Azulejos design <\/h2><div class=\"uagb-separator-wrap\"><div class=\"uagb-separator\"><\/div><\/div><p class=\"uagb-desc-text\">Porqu\u00ea escolher o azulejo de design?<\/p><\/div>\n\n\n\n<div style=\"height:30px\" aria-hidden=\"true\" class=\"wp-block-spacer\"><\/div>\n\n\n\n<figure class=\"wp-block-embed-youtube wp-block-embed is-type-video is-provider-youtube wp-embed-aspect-16-9 wp-has-aspect-ratio\"><div class=\"wp-block-embed__wrapper\">\n<iframe loading=\"lazy\" title=\"R-Tile Design Collection - English\" width=\"500\" height=\"281\" src=\"https:\/\/www.youtube.com\/embed\/ekQQBRckhWo?feature=oembed\" frameborder=\"0\" allow=\"accelerometer; autoplay; clipboard-write; encrypted-media; gyroscope; picture-in-picture; web-share\" referrerpolicy=\"strict-origin-when-cross-origin\" allowfullscreen><\/iframe>\n<\/div><\/figure><\/div><\/div>\n\n\n\n<div class=\"wp-block-uagb-column uagb-column__wrap uagb-column__background-undefined uagb-block-8a0f9d9b-7843-4c82-8ccf-c0fdb5ffc5fe\"><div class=\"uagb-column__overlay\"><\/div><div class=\"uagb-column__inner-wrap\">\n<div class=\"wp-block-uagb-advanced-heading uagb-block-3ca1095d-7feb-44ac-a6c1-df6c043b1dd7\"><h2 class=\"uagb-heading-text\">A Cole\u00e7\u00e3o de Azulejos design <\/h2><div class=\"uagb-separator-wrap\"><div class=\"uagb-separator\"><\/div><\/div><p class=\"uagb-desc-text\">Guia de instala\u00e7\u00e3o<\/p><\/div>\n\n\n\n<div style=\"height:30px\" aria-hidden=\"true\" class=\"wp-block-spacer\"><\/div>\n\n\n\n<figure class=\"wp-block-embed-youtube wp-block-embed is-type-video is-provider-youtube wp-embed-aspect-16-9 wp-has-aspect-ratio\"><div class=\"wp-block-embed__wrapper\">\n<iframe loading=\"lazy\" title=\"R-Tile Design Collection Install Video - English\" width=\"500\" height=\"281\" src=\"https:\/\/www.youtube.com\/embed\/yOrh1k6Ux8Q?feature=oembed\" frameborder=\"0\" allow=\"accelerometer; autoplay; clipboard-write; encrypted-media; gyroscope; picture-in-picture; web-share\" referrerpolicy=\"strict-origin-when-cross-origin\" allowfullscreen><\/iframe>\n<\/div><\/figure><\/div><\/div>\n\n\n\n<div class=\"wp-block-uagb-column uagb-column__wrap uagb-column__background-undefined uagb-block-fc1abca0-6b4b-4f37-ac51-3230e2a94332\"><div class=\"uagb-column__overlay\"><\/div><div class=\"uagb-column__inner-wrap\">\n<div class=\"wp-block-uagb-advanced-heading uagb-block-287b6ee6-5edc-4308-bbdd-b0f0aa2db5d1\"><h2 class=\"uagb-heading-text\">A Cole\u00e7\u00e3o de Azulejos design <\/h2><div class=\"uagb-separator-wrap\"><div class=\"uagb-separator\"><\/div><\/div><p class=\"uagb-desc-text\">Guia de Limpeza<\/p><\/div>\n\n\n\n<div style=\"height:30px\" aria-hidden=\"true\" class=\"wp-block-spacer\"><\/div>\n\n\n\n<figure class=\"wp-block-embed-youtube wp-block-embed is-type-video is-provider-youtube wp-embed-aspect-16-9 wp-has-aspect-ratio\"><div class=\"wp-block-embed__wrapper\">\n<iframe loading=\"lazy\" title=\"R-Tile Design Collection floor cleaning guide - English\" width=\"500\" height=\"281\" src=\"https:\/\/www.youtube.com\/embed\/Dey9882h0ok?feature=oembed\" frameborder=\"0\" allow=\"accelerometer; autoplay; clipboard-write; encrypted-media; gyroscope; picture-in-picture; web-share\" referrerpolicy=\"strict-origin-when-cross-origin\" allowfullscreen><\/iframe>\n<\/div><\/figure><\/div><\/div>\n<\/div><\/section>\n\n<p><\/p>\n","protected":false},"excerpt":{"rendered":"<p>A Cole\u00e7\u00e3o de Azulejos design Porqu\u00ea escolher o azulejo de design? A Cole\u00e7\u00e3o de Azulejos design Guia de instala\u00e7\u00e3o A Cole\u00e7\u00e3o de Azulejos design Guia de Limpeza<\/p>\n","protected":false},"author":2,"featured_media":0,"parent":0,"menu_order":0,"comment_status":"closed","ping_status":"closed","template":"","meta":{"_uag_custom_page_level_css":"","site-sidebar-layout":"no-sidebar","site-content-layout":"page-builder","ast-site-content-layout":"default","site-content-style":"default","site-sidebar-style":"default","ast-global-header-display":"","ast-banner-title-visibility":"","ast-main-header-display":"","ast-hfb-above-header-display":"","ast-hfb-below-header-display":"","ast-hfb-mobile-header-display":"","site-post-title":"disabled","ast-breadcrumbs-content":"","ast-featured-img":"disabled","footer-sml-layout":"","ast-disable-related-posts":"","theme-transparent-header-meta":"enabled","adv-header-id-meta":"","stick-header-meta":"","header-above-stick-meta":"","header-main-stick-meta":"","header-below-stick-meta":"","astra-migrate-meta-layouts":"default","ast-page-background-enabled":"default","ast-page-background-meta":{"desktop":{"background-color":"","background-image":"","background-repeat":"repeat","background-position":"center center","background-size":"auto","background-attachment":"scroll","background-type":"","background-media":"","overlay-type":"","overlay-color":"","overlay-opacity":"","overlay-gradient":""},"tablet":{"background-color":"","background-image":"","background-repeat":"repeat","background-position":"center center","background-size":"auto","background-attachment":"scroll","background-type":"","background-media":"","overlay-type":"","overlay-color":"","overlay-opacity":"","overlay-gradient":""},"mobile":{"background-color":"","background-image":"","background-repeat":"repeat","background-position":"center center","background-size":"auto","background-attachment":"scroll","background-type":"","background-media":"","overlay-type":"","overlay-color":"","overlay-opacity":"","overlay-gradient":""}},"ast-content-background-meta":{"desktop":{"background-color":"var(--ast-global-color-5)","background-image":"","background-repeat":"repeat","background-position":"center center","background-size":"auto","background-attachment":"scroll","background-type":"","background-media":"","overlay-type":"","overlay-color":"","overlay-opacity":"","overlay-gradient":""},"tablet":{"background-color":"var(--ast-global-color-5)","background-image":"","background-repeat":"repeat","background-position":"center center","background-size":"auto","background-attachment":"scroll","background-type":"","background-media":"","overlay-type":"","overlay-color":"","overlay-opacity":"","overlay-gradient":""},"mobile":{"background-color":"var(--ast-global-color-5)","background-image":"","background-repeat":"repeat","background-position":"center center","background-size":"auto","background-attachment":"scroll","background-type":"","background-media":"","overlay-type":"","overlay-color":"","overlay-opacity":"","overlay-gradient":""}},"footnotes":""},"class_list":["post-33654","page","type-page","status-publish","hentry"],"yoast_head":"<!-- This site is optimized with the Yoast SEO plugin v27.3 - https:\/\/yoast.com\/product\/yoast-seo-wordpress\/ -->\n<title>V\u00eddeos - R-Tile Retail Flooring<\/title>\n<meta name=\"description\" content=\"Desde a instala\u00e7\u00e3o a todos os benef\u00edcios que as nossas ofertas de pavimentos, cobrimos tudo na nossa biblioteca de v\u00eddeo.\" \/>\n<meta name=\"robots\" content=\"index, follow, max-snippet:-1, max-image-preview:large, max-video-preview:-1\" \/>\n<link rel=\"canonical\" href=\"https:\/\/r-tileretailflooring.com\/pt-pt\/videos\/\" \/>\n<meta property=\"og:locale\" content=\"pt_PT\" \/>\n<meta property=\"og:type\" content=\"article\" \/>\n<meta property=\"og:title\" content=\"V\u00eddeos - R-Tile Retail Flooring\" \/>\n<meta property=\"og:description\" content=\"Desde a instala\u00e7\u00e3o a todos os benef\u00edcios que as nossas ofertas de pavimentos, cobrimos tudo na nossa biblioteca de v\u00eddeo.\" \/>\n<meta property=\"og:url\" content=\"https:\/\/r-tileretailflooring.com\/pt-pt\/videos\/\" \/>\n<meta property=\"og:site_name\" content=\"R-Tile Retail Flooring\" \/>\n<meta name=\"twitter:card\" content=\"summary_large_image\" \/>\n<meta name=\"twitter:label1\" content=\"Tempo estimado de leitura\" \/>\n\t<meta name=\"twitter:data1\" content=\"1 minuto\" \/>\n<script type=\"application\/ld+json\" class=\"yoast-schema-graph\">{\"@context\":\"https:\\\/\\\/schema.org\",\"@graph\":[{\"@type\":\"WebPage\",\"@id\":\"https:\\\/\\\/r-tileretailflooring.com\\\/pt-pt\\\/videos\\\/\",\"url\":\"https:\\\/\\\/r-tileretailflooring.com\\\/pt-pt\\\/videos\\\/\",\"name\":\"V\u00eddeos - R-Tile Retail Flooring\",\"isPartOf\":{\"@id\":\"https:\\\/\\\/r-tileretailflooring.com\\\/#website\"},\"datePublished\":\"2022-02-03T09:29:18+00:00\",\"description\":\"Desde a instala\u00e7\u00e3o a todos os benef\u00edcios que as nossas ofertas de pavimentos, cobrimos tudo na nossa biblioteca de v\u00eddeo.\",\"breadcrumb\":{\"@id\":\"https:\\\/\\\/r-tileretailflooring.com\\\/pt-pt\\\/videos\\\/#breadcrumb\"},\"inLanguage\":\"pt-PT\",\"potentialAction\":[{\"@type\":\"ReadAction\",\"target\":[\"https:\\\/\\\/r-tileretailflooring.com\\\/pt-pt\\\/videos\\\/\"]}]},{\"@type\":\"BreadcrumbList\",\"@id\":\"https:\\\/\\\/r-tileretailflooring.com\\\/pt-pt\\\/videos\\\/#breadcrumb\",\"itemListElement\":[{\"@type\":\"ListItem\",\"position\":1,\"name\":\"Home\",\"item\":\"https:\\\/\\\/r-tileretailflooring.com\\\/pt-pt\\\/\"},{\"@type\":\"ListItem\",\"position\":2,\"name\":\"V\u00eddeos\"}]},{\"@type\":\"WebSite\",\"@id\":\"https:\\\/\\\/r-tileretailflooring.com\\\/#website\",\"url\":\"https:\\\/\\\/r-tileretailflooring.com\\\/\",\"name\":\"R-Tile Retail Flooring\",\"description\":\"Retail Flooring Specialists\",\"publisher\":{\"@id\":\"https:\\\/\\\/r-tileretailflooring.com\\\/#organization\"},\"potentialAction\":[{\"@type\":\"SearchAction\",\"target\":{\"@type\":\"EntryPoint\",\"urlTemplate\":\"https:\\\/\\\/r-tileretailflooring.com\\\/?s={search_term_string}\"},\"query-input\":{\"@type\":\"PropertyValueSpecification\",\"valueRequired\":true,\"valueName\":\"search_term_string\"}}],\"inLanguage\":\"pt-PT\"},{\"@type\":\"Organization\",\"@id\":\"https:\\\/\\\/r-tileretailflooring.com\\\/#organization\",\"name\":\"R-Tile Retail Flooring\",\"url\":\"https:\\\/\\\/r-tileretailflooring.com\\\/\",\"logo\":{\"@type\":\"ImageObject\",\"inLanguage\":\"pt-PT\",\"@id\":\"https:\\\/\\\/r-tileretailflooring.com\\\/#\\\/schema\\\/logo\\\/image\\\/\",\"url\":\"https:\\\/\\\/r-tileretailflooring.com\\\/wp-content\\\/uploads\\\/2020\\\/04\\\/cropped-R-Tek_Logo-2.png\",\"contentUrl\":\"https:\\\/\\\/r-tileretailflooring.com\\\/wp-content\\\/uploads\\\/2020\\\/04\\\/cropped-R-Tek_Logo-2.png\",\"width\":1198,\"height\":399,\"caption\":\"R-Tile Retail Flooring\"},\"image\":{\"@id\":\"https:\\\/\\\/r-tileretailflooring.com\\\/#\\\/schema\\\/logo\\\/image\\\/\"}}]}<\/script>\n<!-- \/ Yoast SEO plugin. -->","yoast_head_json":{"title":"V\u00eddeos - R-Tile Retail Flooring","description":"Desde a instala\u00e7\u00e3o a todos os benef\u00edcios que as nossas ofertas de pavimentos, cobrimos tudo na nossa biblioteca de v\u00eddeo.","robots":{"index":"index","follow":"follow","max-snippet":"max-snippet:-1","max-image-preview":"max-image-preview:large","max-video-preview":"max-video-preview:-1"},"canonical":"https:\/\/r-tileretailflooring.com\/pt-pt\/videos\/","og_locale":"pt_PT","og_type":"article","og_title":"V\u00eddeos - R-Tile Retail Flooring","og_description":"Desde a instala\u00e7\u00e3o a todos os benef\u00edcios que as nossas ofertas de pavimentos, cobrimos tudo na nossa biblioteca de v\u00eddeo.","og_url":"https:\/\/r-tileretailflooring.com\/pt-pt\/videos\/","og_site_name":"R-Tile Retail Flooring","twitter_card":"summary_large_image","twitter_misc":{"Tempo estimado de leitura":"1 minuto"},"schema":{"@context":"https:\/\/schema.org","@graph":[{"@type":"WebPage","@id":"https:\/\/r-tileretailflooring.com\/pt-pt\/videos\/","url":"https:\/\/r-tileretailflooring.com\/pt-pt\/videos\/","name":"V\u00eddeos - R-Tile Retail Flooring","isPartOf":{"@id":"https:\/\/r-tileretailflooring.com\/#website"},"datePublished":"2022-02-03T09:29:18+00:00","description":"Desde a instala\u00e7\u00e3o a todos os benef\u00edcios que as nossas ofertas de pavimentos, cobrimos tudo na nossa biblioteca de v\u00eddeo.","breadcrumb":{"@id":"https:\/\/r-tileretailflooring.com\/pt-pt\/videos\/#breadcrumb"},"inLanguage":"pt-PT","potentialAction":[{"@type":"ReadAction","target":["https:\/\/r-tileretailflooring.com\/pt-pt\/videos\/"]}]},{"@type":"BreadcrumbList","@id":"https:\/\/r-tileretailflooring.com\/pt-pt\/videos\/#breadcrumb","itemListElement":[{"@type":"ListItem","position":1,"name":"Home","item":"https:\/\/r-tileretailflooring.com\/pt-pt\/"},{"@type":"ListItem","position":2,"name":"V\u00eddeos"}]},{"@type":"WebSite","@id":"https:\/\/r-tileretailflooring.com\/#website","url":"https:\/\/r-tileretailflooring.com\/","name":"R-Tile Retail Flooring","description":"Retail Flooring Specialists","publisher":{"@id":"https:\/\/r-tileretailflooring.com\/#organization"},"potentialAction":[{"@type":"SearchAction","target":{"@type":"EntryPoint","urlTemplate":"https:\/\/r-tileretailflooring.com\/?s={search_term_string}"},"query-input":{"@type":"PropertyValueSpecification","valueRequired":true,"valueName":"search_term_string"}}],"inLanguage":"pt-PT"},{"@type":"Organization","@id":"https:\/\/r-tileretailflooring.com\/#organization","name":"R-Tile Retail Flooring","url":"https:\/\/r-tileretailflooring.com\/","logo":{"@type":"ImageObject","inLanguage":"pt-PT","@id":"https:\/\/r-tileretailflooring.com\/#\/schema\/logo\/image\/","url":"https:\/\/r-tileretailflooring.com\/wp-content\/uploads\/2020\/04\/cropped-R-Tek_Logo-2.png","contentUrl":"https:\/\/r-tileretailflooring.com\/wp-content\/uploads\/2020\/04\/cropped-R-Tek_Logo-2.png","width":1198,"height":399,"caption":"R-Tile Retail Flooring"},"image":{"@id":"https:\/\/r-tileretailflooring.com\/#\/schema\/logo\/image\/"}}]}},"uagb_featured_image_src":{"full":false,"thumbnail":false,"medium":false,"medium_large":false,"large":false,"1536x1536":false,"2048x2048":false},"uagb_author_info":{"display_name":"Conor Lamph","author_link":"https:\/\/r-tileretailflooring.com\/pt-pt\/author\/conor-lamph\/"},"uagb_comment_info":0,"uagb_excerpt":"A Cole\u00e7\u00e3o de Azulejos design Porqu\u00ea escolher o azulejo de design? A Cole\u00e7\u00e3o de Azulejos design Guia de instala\u00e7\u00e3o A Cole\u00e7\u00e3o de Azulejos design Guia de Limpeza","_links":{"self":[{"href":"https:\/\/r-tileretailflooring.com\/pt-pt\/wp-json\/wp\/v2\/pages\/33654","targetHints":{"allow":["GET"]}}],"collection":[{"href":"https:\/\/r-tileretailflooring.com\/pt-pt\/wp-json\/wp\/v2\/pages"}],"about":[{"href":"https:\/\/r-tileretailflooring.com\/pt-pt\/wp-json\/wp\/v2\/types\/page"}],"author":[{"embeddable":true,"href":"https:\/\/r-tileretailflooring.com\/pt-pt\/wp-json\/wp\/v2\/users\/2"}],"replies":[{"embeddable":true,"href":"https:\/\/r-tileretailflooring.com\/pt-pt\/wp-json\/wp\/v2\/comments?post=33654"}],"version-history":[{"count":1,"href":"https:\/\/r-tileretailflooring.com\/pt-pt\/wp-json\/wp\/v2\/pages\/33654\/revisions"}],"predecessor-version":[{"id":33655,"href":"https:\/\/r-tileretailflooring.com\/pt-pt\/wp-json\/wp\/v2\/pages\/33654\/revisions\/33655"}],"wp:attachment":[{"href":"https:\/\/r-tileretailflooring.com\/pt-pt\/wp-json\/wp\/v2\/media?parent=33654"}],"curies":[{"name":"wp","href":"https:\/\/api.w.org\/{rel}","templated":true}]}}